{"id":12,"date":"2015-11-20T03:57:10","date_gmt":"2015-11-20T03:57:10","guid":{"rendered":"https:\/\/taxcube.lt\/?page_id=12"},"modified":"2017-10-23T13:37:41","modified_gmt":"2017-10-23T10:37:41","slug":"services","status":"publish","type":"page","link":"https:\/\/taxcube.lt\/en\/services\/","title":{"rendered":"Services"},"content":{"rendered":"<p><\/p>\n<h2>Services<\/h2>\n<p>Our services cover all aspects of business life cycle, help Clients to overcome complex operational and financial issues, to diagnose and minimize tax risks, to identify new opportunities and maximize value.<\/p>\n<p style=\"text-align: justify;\"><strong>Tax services:<\/strong><\/p>\n<ul>\n<li style=\"text-align: justify;\"><a href=\"https:\/\/taxcube.lt\/paslaugos\/mokesciu-paslaugos\/mokesciu-konsultacijos\/\">Tax consultations<\/a>;<\/li>\n<li><a href=\"https:\/\/taxcube.lt\/paslaugos\/mokesciu-paslaugos\/atstovavimas-kontroliuojanciose-institucijose\/\">Representation and tax disputes<\/a>;<\/li>\n<li><a href=\"https:\/\/taxcube.lt\/paslaugos\/mokesciu-paslaugos\/mokesciu-optimizavimas\/\">Tax optimization projects<\/a>;<\/li>\n<li><a href=\"https:\/\/taxcube.lt\/paslaugos\/mokesciu-paslaugos\/imoniu-reorganizavimas-ir-pertvarkymas\/\">Corporate reorganizations and restructurings<\/a>;<\/li>\n<li><a href=\"https:\/\/taxcube.lt\/paslaugos\/mokesciu-paslaugos\/mokesciu-perziuros\/\">Tax reviews, due diligences<\/a>;<\/li>\n<li><a href=\"https:\/\/taxcube.lt\/paslaugos\/mokesciu-paslaugos\/sandoriu-kainodara\/\">Transfer pricing services<\/a>;<\/li>\n<li><a href=\"https:\/\/taxcube.lt\/paslaugos\/mokesciu-paslaugos\/mokesciu-moketoju-pvm-registravimas\/\">Tax registrations<\/a>;<\/li>\n<li><a href=\"https:\/\/taxcube.lt\/paslaugos\/mokesciu-paslaugos\/mokesciu-deklaravimo-paslaugos\/\">Tax compliance services<\/a>.<\/li>\n<\/ul>\n<h2><\/h2>\n<p><strong>Accounting services:<\/strong><\/p>\n<ul>\n<li>Accounting consultations;<\/li>\n<li>Accounting and bookkeeping services.<\/li>\n<\/ul>\n<h2><\/h2>\n<p><strong>SAF-T and i.MAS services:<\/strong><\/p>\n<ul>\n<li><a href=\"https:\/\/taxcube.lt\/paslaugos\/saf-t-ir-i-mas-paslaugos\/saf-t-diegimas\/\">Consultations on generating SAF-T<\/a>;<\/li>\n<li><a href=\"https:\/\/taxcube.lt\/paslaugos\/saf-t-ir-i-mas-paslaugos\/saf-t-formatas\/\">SAF-T assessment services<\/a>;<\/li>\n<li><a href=\"https:\/\/taxcube.lt\/paslaugos\/saf-t-ir-i-mas-paslaugos\/apskaitos-duomenu-e-audito-paslaugos\/\">Accounting data e-audit services<\/a>.<\/li>\n<\/ul>\n<h1><\/h1>\n<h2>Current issues:<\/h2>\n<p><\/p>","protected":false},"excerpt":{"rendered":"<p>Services Our services cover all aspects of business life cycle, help Clients to overcome complex operational and financial issues, to diagnose and minimize tax risks, to identify new opportunities and maximize value. Tax services: Tax consultations; Representation and tax disputes; Tax optimization projects; Corporate reorganizations and restructurings; Tax reviews, due diligences; Transfer pricing services; Tax [&hellip;]<\/p>\n","protected":false},"author":1,"featured_media":1273,"parent":0,"menu_order":12,"comment_status":"closed","ping_status":"closed","template":"","meta":{"footnotes":""},"class_list":["post-12","page","type-page","status-publish","has-post-thumbnail","hentry"],"yoast_head":"<!-- This site is optimized with the Yoast SEO plugin v27.3 - https:\/\/yoast.com\/product\/yoast-seo-wordpress\/ -->\n<title>M\u016bs\u0173 paslaugos - TaxCube<\/title>\n<meta name=\"description\" content=\"TaxCube paslaugos padeda \u012fveikti sud\u0117tingus veiklos ir finansinius klausimus, diagnozuoja ir suma\u017eina mokestines rizikas. Kreipkit\u0117s d\u0117l konsultacijos dabar\" \/>\n<meta name=\"robots\" content=\"index, follow, max-snippet:-1, max-image-preview:large, max-video-preview:-1\" \/>\n<link rel=\"canonical\" href=\"https:\/\/taxcube.lt\/services\/\" \/>\n<meta property=\"og:locale\" content=\"en_US\" \/>\n<meta property=\"og:type\" content=\"article\" \/>\n<meta property=\"og:title\" content=\"M\u016bs\u0173 paslaugos - TaxCube\" \/>\n<meta property=\"og:description\" content=\"TaxCube paslaugos padeda \u012fveikti sud\u0117tingus veiklos ir finansinius klausimus, diagnozuoja ir suma\u017eina mokestines rizikas. Kreipkit\u0117s d\u0117l konsultacijos dabar\" \/>\n<meta property=\"og:url\" content=\"https:\/\/taxcube.lt\/services\/\" \/>\n<meta property=\"og:site_name\" content=\"TaxCube\" \/>\n<meta property=\"article:publisher\" content=\"https:\/\/www.facebook.com\/taxcube\" \/>\n<meta property=\"article:modified_time\" content=\"2017-10-23T10:37:41+00:00\" \/>\n<meta property=\"og:image\" content=\"https:\/\/taxcube.lt\/wp-content\/uploads\/2015\/11\/914_0014_PASLAUGOS.jpg\" \/>\n\t<meta property=\"og:image:width\" content=\"914\" \/>\n\t<meta property=\"og:image:height\" content=\"170\" \/>\n\t<meta property=\"og:image:type\" content=\"image\/jpeg\" \/>\n<meta name=\"twitter:card\" content=\"summary_large_image\" \/>\n<meta name=\"twitter:label1\" content=\"Est. reading time\" \/>\n\t<meta name=\"twitter:data1\" content=\"1 minute\" \/>\n<script type=\"application\/ld+json\" class=\"yoast-schema-graph\">{\"@context\":\"https:\\\/\\\/schema.org\",\"@graph\":[{\"@type\":\"WebPage\",\"@id\":\"https:\\\/\\\/taxcube.lt\\\/services\\\/\",\"url\":\"https:\\\/\\\/taxcube.lt\\\/services\\\/\",\"name\":\"M\u016bs\u0173 paslaugos - TaxCube\",\"isPartOf\":{\"@id\":\"https:\\\/\\\/taxcube.lt\\\/en\\\/#website\"},\"primaryImageOfPage\":{\"@id\":\"https:\\\/\\\/taxcube.lt\\\/services\\\/#primaryimage\"},\"image\":{\"@id\":\"https:\\\/\\\/taxcube.lt\\\/services\\\/#primaryimage\"},\"thumbnailUrl\":\"https:\\\/\\\/taxcube.lt\\\/wp-content\\\/uploads\\\/2015\\\/11\\\/914_0014_PASLAUGOS.jpg\",\"datePublished\":\"2015-11-20T03:57:10+00:00\",\"dateModified\":\"2017-10-23T10:37:41+00:00\",\"description\":\"TaxCube paslaugos padeda \u012fveikti sud\u0117tingus veiklos ir finansinius klausimus, diagnozuoja ir suma\u017eina mokestines rizikas. Kreipkit\u0117s d\u0117l konsultacijos dabar\",\"breadcrumb\":{\"@id\":\"https:\\\/\\\/taxcube.lt\\\/services\\\/#breadcrumb\"},\"inLanguage\":\"en-US\",\"potentialAction\":[{\"@type\":\"ReadAction\",\"target\":[\"https:\\\/\\\/taxcube.lt\\\/services\\\/\"]}]},{\"@type\":\"ImageObject\",\"inLanguage\":\"en-US\",\"@id\":\"https:\\\/\\\/taxcube.lt\\\/services\\\/#primaryimage\",\"url\":\"https:\\\/\\\/taxcube.lt\\\/wp-content\\\/uploads\\\/2015\\\/11\\\/914_0014_PASLAUGOS.jpg\",\"contentUrl\":\"https:\\\/\\\/taxcube.lt\\\/wp-content\\\/uploads\\\/2015\\\/11\\\/914_0014_PASLAUGOS.jpg\",\"width\":914,\"height\":170,\"caption\":\"Taxcube paslaugos\"},{\"@type\":\"BreadcrumbList\",\"@id\":\"https:\\\/\\\/taxcube.lt\\\/services\\\/#breadcrumb\",\"itemListElement\":[{\"@type\":\"ListItem\",\"position\":1,\"name\":\"Home\",\"item\":\"https:\\\/\\\/taxcube.lt\\\/en\\\/\"},{\"@type\":\"ListItem\",\"position\":2,\"name\":\"Paslaugos\"}]},{\"@type\":\"WebSite\",\"@id\":\"https:\\\/\\\/taxcube.lt\\\/en\\\/#website\",\"url\":\"https:\\\/\\\/taxcube.lt\\\/en\\\/\",\"name\":\"TaxCube\",\"description\":\"TaxCube\",\"publisher\":{\"@id\":\"https:\\\/\\\/taxcube.lt\\\/en\\\/#organization\"},\"potentialAction\":[{\"@type\":\"SearchAction\",\"target\":{\"@type\":\"EntryPoint\",\"urlTemplate\":\"https:\\\/\\\/taxcube.lt\\\/en\\\/?s={search_term_string}\"},\"query-input\":{\"@type\":\"PropertyValueSpecification\",\"valueRequired\":true,\"valueName\":\"search_term_string\"}}],\"inLanguage\":\"en-US\"},{\"@type\":\"Organization\",\"@id\":\"https:\\\/\\\/taxcube.lt\\\/en\\\/#organization\",\"name\":\"TaxCube, UAB\",\"url\":\"https:\\\/\\\/taxcube.lt\\\/en\\\/\",\"logo\":{\"@type\":\"ImageObject\",\"inLanguage\":\"en-US\",\"@id\":\"https:\\\/\\\/taxcube.lt\\\/en\\\/#\\\/schema\\\/logo\\\/image\\\/\",\"url\":\"https:\\\/\\\/taxcube.lt\\\/wp-content\\\/uploads\\\/2015\\\/11\\\/logo.png\",\"contentUrl\":\"https:\\\/\\\/taxcube.lt\\\/wp-content\\\/uploads\\\/2015\\\/11\\\/logo.png\",\"width\":86,\"height\":97,\"caption\":\"TaxCube, UAB\"},\"image\":{\"@id\":\"https:\\\/\\\/taxcube.lt\\\/en\\\/#\\\/schema\\\/logo\\\/image\\\/\"},\"sameAs\":[\"https:\\\/\\\/www.facebook.com\\\/taxcube\",\"https:\\\/\\\/www.linkedin.com\\\/company\\\/taxcube-uab\"]}]}<\/script>\n<!-- \/ Yoast SEO plugin. -->","yoast_head_json":{"title":"M\u016bs\u0173 paslaugos - TaxCube","description":"TaxCube paslaugos padeda \u012fveikti sud\u0117tingus veiklos ir finansinius klausimus, diagnozuoja ir suma\u017eina mokestines rizikas. Kreipkit\u0117s d\u0117l konsultacijos dabar","robots":{"index":"index","follow":"follow","max-snippet":"max-snippet:-1","max-image-preview":"max-image-preview:large","max-video-preview":"max-video-preview:-1"},"canonical":"https:\/\/taxcube.lt\/services\/","og_locale":"en_US","og_type":"article","og_title":"M\u016bs\u0173 paslaugos - TaxCube","og_description":"TaxCube paslaugos padeda \u012fveikti sud\u0117tingus veiklos ir finansinius klausimus, diagnozuoja ir suma\u017eina mokestines rizikas. Kreipkit\u0117s d\u0117l konsultacijos dabar","og_url":"https:\/\/taxcube.lt\/services\/","og_site_name":"TaxCube","article_publisher":"https:\/\/www.facebook.com\/taxcube","article_modified_time":"2017-10-23T10:37:41+00:00","og_image":[{"width":914,"height":170,"url":"https:\/\/taxcube.lt\/wp-content\/uploads\/2015\/11\/914_0014_PASLAUGOS.jpg","type":"image\/jpeg"}],"twitter_card":"summary_large_image","twitter_misc":{"Est. reading time":"1 minute"},"schema":{"@context":"https:\/\/schema.org","@graph":[{"@type":"WebPage","@id":"https:\/\/taxcube.lt\/services\/","url":"https:\/\/taxcube.lt\/services\/","name":"M\u016bs\u0173 paslaugos - TaxCube","isPartOf":{"@id":"https:\/\/taxcube.lt\/en\/#website"},"primaryImageOfPage":{"@id":"https:\/\/taxcube.lt\/services\/#primaryimage"},"image":{"@id":"https:\/\/taxcube.lt\/services\/#primaryimage"},"thumbnailUrl":"https:\/\/taxcube.lt\/wp-content\/uploads\/2015\/11\/914_0014_PASLAUGOS.jpg","datePublished":"2015-11-20T03:57:10+00:00","dateModified":"2017-10-23T10:37:41+00:00","description":"TaxCube paslaugos padeda \u012fveikti sud\u0117tingus veiklos ir finansinius klausimus, diagnozuoja ir suma\u017eina mokestines rizikas. Kreipkit\u0117s d\u0117l konsultacijos dabar","breadcrumb":{"@id":"https:\/\/taxcube.lt\/services\/#breadcrumb"},"inLanguage":"en-US","potentialAction":[{"@type":"ReadAction","target":["https:\/\/taxcube.lt\/services\/"]}]},{"@type":"ImageObject","inLanguage":"en-US","@id":"https:\/\/taxcube.lt\/services\/#primaryimage","url":"https:\/\/taxcube.lt\/wp-content\/uploads\/2015\/11\/914_0014_PASLAUGOS.jpg","contentUrl":"https:\/\/taxcube.lt\/wp-content\/uploads\/2015\/11\/914_0014_PASLAUGOS.jpg","width":914,"height":170,"caption":"Taxcube paslaugos"},{"@type":"BreadcrumbList","@id":"https:\/\/taxcube.lt\/services\/#breadcrumb","itemListElement":[{"@type":"ListItem","position":1,"name":"Home","item":"https:\/\/taxcube.lt\/en\/"},{"@type":"ListItem","position":2,"name":"Paslaugos"}]},{"@type":"WebSite","@id":"https:\/\/taxcube.lt\/en\/#website","url":"https:\/\/taxcube.lt\/en\/","name":"TaxCube","description":"TaxCube","publisher":{"@id":"https:\/\/taxcube.lt\/en\/#organization"},"potentialAction":[{"@type":"SearchAction","target":{"@type":"EntryPoint","urlTemplate":"https:\/\/taxcube.lt\/en\/?s={search_term_string}"},"query-input":{"@type":"PropertyValueSpecification","valueRequired":true,"valueName":"search_term_string"}}],"inLanguage":"en-US"},{"@type":"Organization","@id":"https:\/\/taxcube.lt\/en\/#organization","name":"TaxCube, UAB","url":"https:\/\/taxcube.lt\/en\/","logo":{"@type":"ImageObject","inLanguage":"en-US","@id":"https:\/\/taxcube.lt\/en\/#\/schema\/logo\/image\/","url":"https:\/\/taxcube.lt\/wp-content\/uploads\/2015\/11\/logo.png","contentUrl":"https:\/\/taxcube.lt\/wp-content\/uploads\/2015\/11\/logo.png","width":86,"height":97,"caption":"TaxCube, UAB"},"image":{"@id":"https:\/\/taxcube.lt\/en\/#\/schema\/logo\/image\/"},"sameAs":["https:\/\/www.facebook.com\/taxcube","https:\/\/www.linkedin.com\/company\/taxcube-uab"]}]}},"wps_subtitle":"","_links":{"self":[{"href":"https:\/\/taxcube.lt\/en\/wp-json\/wp\/v2\/pages\/12","targetHints":{"allow":["GET"]}}],"collection":[{"href":"https:\/\/taxcube.lt\/en\/wp-json\/wp\/v2\/pages"}],"about":[{"href":"https:\/\/taxcube.lt\/en\/wp-json\/wp\/v2\/types\/page"}],"author":[{"embeddable":true,"href":"https:\/\/taxcube.lt\/en\/wp-json\/wp\/v2\/users\/1"}],"replies":[{"embeddable":true,"href":"https:\/\/taxcube.lt\/en\/wp-json\/wp\/v2\/comments?post=12"}],"version-history":[{"count":0,"href":"https:\/\/taxcube.lt\/en\/wp-json\/wp\/v2\/pages\/12\/revisions"}],"wp:featuredmedia":[{"embeddable":true,"href":"https:\/\/taxcube.lt\/en\/wp-json\/wp\/v2\/media\/1273"}],"wp:attachment":[{"href":"https:\/\/taxcube.lt\/en\/wp-json\/wp\/v2\/media?parent=12"}],"curies":[{"name":"wp","href":"https:\/\/api.w.org\/{rel}","templated":true}]}}