{"id":122168,"date":"2024-11-13T12:08:35","date_gmt":"2024-11-13T10:08:35","guid":{"rendered":"https:\/\/www.taxcube.lt\/?page_id=122168"},"modified":"2025-04-04T10:00:44","modified_gmt":"2025-04-04T07:00:44","slug":"join-us","status":"publish","type":"page","link":"https:\/\/taxcube.lt\/en\/join-us\/","title":{"rendered":"Financial Analyst"},"content":{"rendered":"<h1><span style=\"color: #e05006;\"><strong>Financial Analyst<\/strong><\/span><\/h1>\n<p><strong>About Us<\/strong><\/p>\n<p><strong>TaxCube<\/strong> is a leading consulting firm specializing in tax advisory, transfer pricing, and tailored tax solutions for international businesses. With deep expertise and a client-focused approach, we help companies navigate complex tax landscapes.<\/p>\n<p>&nbsp;<\/p>\n<p><strong>\ud83d\ude80<\/strong><strong> #AboutTheRole<\/strong><\/p>\n<p>As a <strong>Financial Analyst<\/strong>, you&#8217;ll dive into financial and economic data to help clients create effective transfer pricing strategies. Working closely with our team, you&#8217;ll manage diverse responsibilities like preparing transfer pricing reports, assisting with advanced pricing agreements, and supporting clients in resolving transfer pricing disputes\u2014all to help clients meet their business goals.<\/p>\n<p>&nbsp;<\/p>\n<p><strong>\u2728<\/strong><strong> Your Main Responsibilities:<\/strong><\/p>\n<ul>\n<li><strong>Build Your Knowledge<\/strong>: Learn about local and international transfer pricing laws and regulations from experts.<\/li>\n<li><strong>Deliver Great Client Service<\/strong>: Apply best practices to ensure a positive experience for clients.<\/li>\n<li><strong>Data Analysis and Benchmarking: <\/strong>Collect and analyze financial data to evaluate inter-company transactions and conduct research.<\/li>\n<li><strong>Use Technology<\/strong>: Utilize specialised transfer pricing tools.<\/li>\n<li><strong>Prepare Documentation<\/strong>: Create reports for transfer pricing be it advisory or compliance.<\/li>\n<li><strong>Collaborate with Team<\/strong>: Work closely with senior team members, share insights.<\/li>\n<\/ul>\n<p>&nbsp;<\/p>\n<p><strong>\ud83c\udf1f<\/strong><strong> #What We\u2019re Looking For:<\/strong><\/p>\n<p>We\u2019re looking for proactive, analytical, and motivated professionals with a positive attitude!<\/p>\n<p>&nbsp;<\/p>\n<p><strong>You bring:<\/strong><\/p>\n<ul>\n<li>A bachelor\u2019s degree in accounting, finance, economics, or business administration. 3rd and 4th-year students are more than welcome to apply, too.<\/li>\n<li>Proficiency in <strong>Lithuanian and English<\/strong><\/li>\n<li>Business acumen, communication skills, and professionalism<\/li>\n<li>Experience in data analysis, ideally with knowledge of accounting<\/li>\n<\/ul>\n<p>&nbsp;<\/p>\n<p><strong>\ud83d\udcbc<\/strong><strong> #WhatWeOffer<\/strong><\/p>\n<p>We\u2019re committed to supporting our people in a way that empowers them to achieve their best. Here\u2019s what you\u2019ll enjoy in this role:<\/p>\n<ul>\n<li>\ud83c\udfe0 <strong>Flexible, Hybrid Work<\/strong>: A workplace that includes flexible hours and remote options.<\/li>\n<li>\ud83c\udf0d <strong>Global Exposure<\/strong>: Be part of an international team and collaborate with colleagues who bring a wealth of global experience.<\/li>\n<li>\ud83d\udcda <strong>Continuous Learning<\/strong>: Access to a wide range of learning resources and sponsored certifications to support your career growth.<\/li>\n<li>\ud83d\ude80 <strong>Career Growth<\/strong>: A supportive environment for personal and professional development.<\/li>\n<li>\ud83c\udf89 <strong>Team Building<\/strong>: Opportunities to join team events and participate in corporate social responsibility activities.<\/li>\n<li>\u2695 <strong>Health Insurance<\/strong>: Comprehensive private health coverage.<\/li>\n<li>\ud83d\udcb6 <strong>Salary:<\/strong> \u20ac1200 to \u20ac2000 gross.<\/li>\n<li>\ud83c\udf4f <strong>Office Perks<\/strong>: Treats and unlimited brews to keep you energized.<\/li>\n<\/ul>\n<p>If you&#8217;re excited to join a high-performing, multi-cultural, international team, bring the qualities we\u2019re looking for, and are ready to embark on a transfer pricing journey to build an international career, this could be the great opportunity for you!<\/p>\n<p>Think you\u2019d be a great fit? Share your CV or get in touch with us at <a href=\"mailto:info@taxcube.lt?subject=CV\">info@taxcube.lt<\/a><\/p>\n","protected":false},"excerpt":{"rendered":"<p>Financial Analyst About Us TaxCube is a leading consulting firm specializing in tax advisory, transfer pricing, and tailored tax solutions for international businesses. With deep expertise and a client-focused approach, we help companies navigate complex tax landscapes. &nbsp; \ud83d\ude80 #AboutTheRole As a Financial Analyst, you&#8217;ll dive into financial and economic data to help clients create [&hellip;]<\/p>\n","protected":false},"author":9,"featured_media":1257,"parent":0,"menu_order":1,"comment_status":"closed","ping_status":"closed","template":"","meta":{"footnotes":""},"class_list":["post-122168","page","type-page","status-publish","has-post-thumbnail","hentry"],"yoast_head":"<!-- This site is optimized with the Yoast SEO plugin v27.3 - https:\/\/yoast.com\/product\/yoast-seo-wordpress\/ -->\n<title>Financial Analyst &#8212; TaxCube<\/title>\n<meta name=\"description\" content=\"(LT) Ple\u010diame apskaitos paslaug\u0173 skyri\u0173 ir, stiprindami jo komand\u0105, kvie\u010diame prie m\u016bs\u0173 prisijungti vyr. buhalter\u012f (-\u0119)\" \/>\n<meta name=\"robots\" content=\"index, follow, max-snippet:-1, max-image-preview:large, max-video-preview:-1\" \/>\n<link rel=\"canonical\" href=\"https:\/\/taxcube.lt\/join-us\/\" \/>\n<meta property=\"og:locale\" content=\"en_US\" \/>\n<meta property=\"og:type\" content=\"article\" \/>\n<meta property=\"og:title\" content=\"Financial Analyst &#8212; TaxCube\" \/>\n<meta property=\"og:description\" content=\"{:lt}Ple\u010diame apskaitos paslaug\u0173 skyri\u0173 ir, stiprindami jo komand\u0105, kvie\u010diame prie m\u016bs\u0173 prisijungti vyr. buhalter\u012f (-\u0119){:}\" \/>\n<meta property=\"og:url\" content=\"https:\/\/taxcube.lt\/join-us\/\" \/>\n<meta property=\"og:site_name\" content=\"TaxCube\" \/>\n<meta property=\"article:publisher\" content=\"https:\/\/www.facebook.com\/taxcube\" \/>\n<meta property=\"article:modified_time\" content=\"2025-04-04T07:00:44+00:00\" \/>\n<meta property=\"og:image\" content=\"https:\/\/taxcube.lt\/wp-content\/uploads\/2016\/01\/Banner-vidinis_0017_PASLAUGOS.jpg\" \/>\n\t<meta property=\"og:image:width\" content=\"1330\" \/>\n\t<meta property=\"og:image:height\" content=\"170\" \/>\n\t<meta property=\"og:image:type\" content=\"image\/jpeg\" \/>\n<meta name=\"twitter:card\" content=\"summary_large_image\" \/>\n<meta name=\"twitter:label1\" content=\"Est. reading time\" \/>\n\t<meta name=\"twitter:data1\" content=\"3 minutes\" \/>\n<script type=\"application\/ld+json\" class=\"yoast-schema-graph\">{\"@context\":\"https:\\\/\\\/schema.org\",\"@graph\":[{\"@type\":\"WebPage\",\"@id\":\"https:\\\/\\\/taxcube.lt\\\/join-us\\\/\",\"url\":\"https:\\\/\\\/taxcube.lt\\\/join-us\\\/\",\"name\":\"Financial Analyst &#8212; TaxCube\",\"isPartOf\":{\"@id\":\"https:\\\/\\\/taxcube.lt\\\/en\\\/#website\"},\"primaryImageOfPage\":{\"@id\":\"https:\\\/\\\/taxcube.lt\\\/join-us\\\/#primaryimage\"},\"image\":{\"@id\":\"https:\\\/\\\/taxcube.lt\\\/join-us\\\/#primaryimage\"},\"thumbnailUrl\":\"https:\\\/\\\/taxcube.lt\\\/wp-content\\\/uploads\\\/2016\\\/01\\\/Banner-vidinis_0017_PASLAUGOS.jpg\",\"datePublished\":\"2024-11-13T10:08:35+00:00\",\"dateModified\":\"2025-04-04T07:00:44+00:00\",\"description\":\"{:lt}Ple\u010diame apskaitos paslaug\u0173 skyri\u0173 ir, stiprindami jo komand\u0105, kvie\u010diame prie m\u016bs\u0173 prisijungti vyr. buhalter\u012f (-\u0119){:}\",\"breadcrumb\":{\"@id\":\"https:\\\/\\\/taxcube.lt\\\/join-us\\\/#breadcrumb\"},\"inLanguage\":\"en-US\",\"potentialAction\":[{\"@type\":\"ReadAction\",\"target\":[\"https:\\\/\\\/taxcube.lt\\\/join-us\\\/\"]}]},{\"@type\":\"ImageObject\",\"inLanguage\":\"en-US\",\"@id\":\"https:\\\/\\\/taxcube.lt\\\/join-us\\\/#primaryimage\",\"url\":\"https:\\\/\\\/taxcube.lt\\\/wp-content\\\/uploads\\\/2016\\\/01\\\/Banner-vidinis_0017_PASLAUGOS.jpg\",\"contentUrl\":\"https:\\\/\\\/taxcube.lt\\\/wp-content\\\/uploads\\\/2016\\\/01\\\/Banner-vidinis_0017_PASLAUGOS.jpg\",\"width\":1330,\"height\":170},{\"@type\":\"BreadcrumbList\",\"@id\":\"https:\\\/\\\/taxcube.lt\\\/join-us\\\/#breadcrumb\",\"itemListElement\":[{\"@type\":\"ListItem\",\"position\":1,\"name\":\"Home\",\"item\":\"https:\\\/\\\/taxcube.lt\\\/en\\\/\"},{\"@type\":\"ListItem\",\"position\":2,\"name\":\"Financial Analyst\"}]},{\"@type\":\"WebSite\",\"@id\":\"https:\\\/\\\/taxcube.lt\\\/en\\\/#website\",\"url\":\"https:\\\/\\\/taxcube.lt\\\/en\\\/\",\"name\":\"TaxCube\",\"description\":\"TaxCube\",\"publisher\":{\"@id\":\"https:\\\/\\\/taxcube.lt\\\/en\\\/#organization\"},\"potentialAction\":[{\"@type\":\"SearchAction\",\"target\":{\"@type\":\"EntryPoint\",\"urlTemplate\":\"https:\\\/\\\/taxcube.lt\\\/en\\\/?s={search_term_string}\"},\"query-input\":{\"@type\":\"PropertyValueSpecification\",\"valueRequired\":true,\"valueName\":\"search_term_string\"}}],\"inLanguage\":\"en-US\"},{\"@type\":\"Organization\",\"@id\":\"https:\\\/\\\/taxcube.lt\\\/en\\\/#organization\",\"name\":\"TaxCube, UAB\",\"url\":\"https:\\\/\\\/taxcube.lt\\\/en\\\/\",\"logo\":{\"@type\":\"ImageObject\",\"inLanguage\":\"en-US\",\"@id\":\"https:\\\/\\\/taxcube.lt\\\/en\\\/#\\\/schema\\\/logo\\\/image\\\/\",\"url\":\"https:\\\/\\\/taxcube.lt\\\/wp-content\\\/uploads\\\/2015\\\/11\\\/logo.png\",\"contentUrl\":\"https:\\\/\\\/taxcube.lt\\\/wp-content\\\/uploads\\\/2015\\\/11\\\/logo.png\",\"width\":86,\"height\":97,\"caption\":\"TaxCube, UAB\"},\"image\":{\"@id\":\"https:\\\/\\\/taxcube.lt\\\/en\\\/#\\\/schema\\\/logo\\\/image\\\/\"},\"sameAs\":[\"https:\\\/\\\/www.facebook.com\\\/taxcube\",\"https:\\\/\\\/www.linkedin.com\\\/company\\\/taxcube-uab\"]}]}<\/script>\n<!-- \/ Yoast SEO plugin. -->","yoast_head_json":{"title":"Financial Analyst &#8212; TaxCube","description":"(LT) Ple\u010diame apskaitos paslaug\u0173 skyri\u0173 ir, stiprindami jo komand\u0105, kvie\u010diame prie m\u016bs\u0173 prisijungti vyr. buhalter\u012f (-\u0119)","robots":{"index":"index","follow":"follow","max-snippet":"max-snippet:-1","max-image-preview":"max-image-preview:large","max-video-preview":"max-video-preview:-1"},"canonical":"https:\/\/taxcube.lt\/join-us\/","og_locale":"en_US","og_type":"article","og_title":"Financial Analyst &#8212; TaxCube","og_description":"{:lt}Ple\u010diame apskaitos paslaug\u0173 skyri\u0173 ir, stiprindami jo komand\u0105, kvie\u010diame prie m\u016bs\u0173 prisijungti vyr. buhalter\u012f (-\u0119){:}","og_url":"https:\/\/taxcube.lt\/join-us\/","og_site_name":"TaxCube","article_publisher":"https:\/\/www.facebook.com\/taxcube","article_modified_time":"2025-04-04T07:00:44+00:00","og_image":[{"width":1330,"height":170,"url":"https:\/\/taxcube.lt\/wp-content\/uploads\/2016\/01\/Banner-vidinis_0017_PASLAUGOS.jpg","type":"image\/jpeg"}],"twitter_card":"summary_large_image","twitter_misc":{"Est. reading time":"3 minutes"},"schema":{"@context":"https:\/\/schema.org","@graph":[{"@type":"WebPage","@id":"https:\/\/taxcube.lt\/join-us\/","url":"https:\/\/taxcube.lt\/join-us\/","name":"Financial Analyst &#8212; TaxCube","isPartOf":{"@id":"https:\/\/taxcube.lt\/en\/#website"},"primaryImageOfPage":{"@id":"https:\/\/taxcube.lt\/join-us\/#primaryimage"},"image":{"@id":"https:\/\/taxcube.lt\/join-us\/#primaryimage"},"thumbnailUrl":"https:\/\/taxcube.lt\/wp-content\/uploads\/2016\/01\/Banner-vidinis_0017_PASLAUGOS.jpg","datePublished":"2024-11-13T10:08:35+00:00","dateModified":"2025-04-04T07:00:44+00:00","description":"{:lt}Ple\u010diame apskaitos paslaug\u0173 skyri\u0173 ir, stiprindami jo komand\u0105, kvie\u010diame prie m\u016bs\u0173 prisijungti vyr. buhalter\u012f (-\u0119){:}","breadcrumb":{"@id":"https:\/\/taxcube.lt\/join-us\/#breadcrumb"},"inLanguage":"en-US","potentialAction":[{"@type":"ReadAction","target":["https:\/\/taxcube.lt\/join-us\/"]}]},{"@type":"ImageObject","inLanguage":"en-US","@id":"https:\/\/taxcube.lt\/join-us\/#primaryimage","url":"https:\/\/taxcube.lt\/wp-content\/uploads\/2016\/01\/Banner-vidinis_0017_PASLAUGOS.jpg","contentUrl":"https:\/\/taxcube.lt\/wp-content\/uploads\/2016\/01\/Banner-vidinis_0017_PASLAUGOS.jpg","width":1330,"height":170},{"@type":"BreadcrumbList","@id":"https:\/\/taxcube.lt\/join-us\/#breadcrumb","itemListElement":[{"@type":"ListItem","position":1,"name":"Home","item":"https:\/\/taxcube.lt\/en\/"},{"@type":"ListItem","position":2,"name":"Financial Analyst"}]},{"@type":"WebSite","@id":"https:\/\/taxcube.lt\/en\/#website","url":"https:\/\/taxcube.lt\/en\/","name":"TaxCube","description":"TaxCube","publisher":{"@id":"https:\/\/taxcube.lt\/en\/#organization"},"potentialAction":[{"@type":"SearchAction","target":{"@type":"EntryPoint","urlTemplate":"https:\/\/taxcube.lt\/en\/?s={search_term_string}"},"query-input":{"@type":"PropertyValueSpecification","valueRequired":true,"valueName":"search_term_string"}}],"inLanguage":"en-US"},{"@type":"Organization","@id":"https:\/\/taxcube.lt\/en\/#organization","name":"TaxCube, UAB","url":"https:\/\/taxcube.lt\/en\/","logo":{"@type":"ImageObject","inLanguage":"en-US","@id":"https:\/\/taxcube.lt\/en\/#\/schema\/logo\/image\/","url":"https:\/\/taxcube.lt\/wp-content\/uploads\/2015\/11\/logo.png","contentUrl":"https:\/\/taxcube.lt\/wp-content\/uploads\/2015\/11\/logo.png","width":86,"height":97,"caption":"TaxCube, UAB"},"image":{"@id":"https:\/\/taxcube.lt\/en\/#\/schema\/logo\/image\/"},"sameAs":["https:\/\/www.facebook.com\/taxcube","https:\/\/www.linkedin.com\/company\/taxcube-uab"]}]}},"wps_subtitle":"","_links":{"self":[{"href":"https:\/\/taxcube.lt\/en\/wp-json\/wp\/v2\/pages\/122168","targetHints":{"allow":["GET"]}}],"collection":[{"href":"https:\/\/taxcube.lt\/en\/wp-json\/wp\/v2\/pages"}],"about":[{"href":"https:\/\/taxcube.lt\/en\/wp-json\/wp\/v2\/types\/page"}],"author":[{"embeddable":true,"href":"https:\/\/taxcube.lt\/en\/wp-json\/wp\/v2\/users\/9"}],"replies":[{"embeddable":true,"href":"https:\/\/taxcube.lt\/en\/wp-json\/wp\/v2\/comments?post=122168"}],"version-history":[{"count":1,"href":"https:\/\/taxcube.lt\/en\/wp-json\/wp\/v2\/pages\/122168\/revisions"}],"predecessor-version":[{"id":122175,"href":"https:\/\/taxcube.lt\/en\/wp-json\/wp\/v2\/pages\/122168\/revisions\/122175"}],"wp:featuredmedia":[{"embeddable":true,"href":"https:\/\/taxcube.lt\/en\/wp-json\/wp\/v2\/media\/1257"}],"wp:attachment":[{"href":"https:\/\/taxcube.lt\/en\/wp-json\/wp\/v2\/media?parent=122168"}],"curies":[{"name":"wp","href":"https:\/\/api.w.org\/{rel}","templated":true}]}}