{"id":14,"date":"2015-11-20T03:57:25","date_gmt":"2015-11-20T03:57:25","guid":{"rendered":"https:\/\/taxcube.lt\/?page_id=14"},"modified":"2018-11-18T17:10:19","modified_gmt":"2018-11-18T14:10:19","slug":"industries","status":"publish","type":"page","link":"https:\/\/taxcube.lt\/en\/industries\/","title":{"rendered":"Industries"},"content":{"rendered":"<p><\/p>\n<h2>Industry sectors<\/h2>\n<p style=\"text-align: justify;\">Our experts have different background and have gathered their experience while working on tax, legal and accounting projects in different industry sectors. As a result of diversity of such professional experience, we can offer not only universal solutions suitable for all businesses, but also tax advisory services that require specialized and in-depth industry knowledge and solutions which are tailored to specific Client\u2019s needs.<\/p>\n<p style=\"text-align: justify;\">Such industry sectors include:<\/p>\n<ul>\n<li style=\"text-align: justify;\"><a href=\"https:\/\/taxcube.lt\/ukio_sektoriai\/bankai-ir-kitos-finansu-istaigos\/\">Banks and other financial institutions<\/a>;<\/li>\n<li style=\"text-align: justify;\"><a href=\"https:\/\/taxcube.lt\/ukio_sektoriai\/draudimo-bendroves\/\">Insurance companies;<\/a><\/li>\n<li style=\"text-align: justify;\"><a href=\"https:\/\/taxcube.lt\/ukio_sektoriai\/energetikos-bendroves\/\">Energy companies<\/a>;<\/li>\n<li style=\"text-align: justify;\"><a href=\"https:\/\/taxcube.lt\/ukio_sektoriai\/farmacijos-bendroves\/\">Pharmaceutical companies<\/a>;<\/li>\n<li style=\"text-align: justify;\"><a href=\"https:\/\/taxcube.lt\/ukio_sektoriai\/informaciniu-technologiju-imones\/\">IT companies<\/a>;<\/li>\n<li style=\"text-align: justify;\"><a href=\"https:\/\/taxcube.lt\/ukio_sektoriai\/gamybos-imones-3\/\">Manufacturing companies<\/a>;<\/li>\n<li style=\"text-align: justify;\"><a href=\"https:\/\/taxcube.lt\/ukio_sektoriai\/prekybos-imones\/\">Trading companies<\/a>;<\/li>\n<li style=\"text-align: justify;\"><a href=\"https:\/\/taxcube.lt\/ukio_sektoriai\/susisiekimo-transporto-ir-logistikos-paslaugu-bendroves\/\">Transport and logistic services companies<\/a>;<\/li>\n<li style=\"text-align: justify;\"><a href=\"https:\/\/taxcube.lt\/ukio_sektoriai\/telekomunikaciju-ir-komunaliniu-paslaugu-imones\/\">Telecommunication companies;<\/a><\/li>\n<li style=\"text-align: justify;\"><a href=\"https:\/\/taxcube.lt\/ukio_sektoriai\/zemes-ukio-bendroves\/\">Agricultural companies<\/a>;<\/li>\n<li style=\"text-align: justify;\"><a href=\"https:\/\/taxcube.lt\/ukio_sektoriai\/kitos-bendroves\/\">Other companies<\/a>.<\/li>\n<\/ul>\n<p><\/p>","protected":false},"excerpt":{"rendered":"<p>Industry sectors Our experts have different background and have gathered their experience while working on tax, legal and accounting projects in different industry sectors. As a result of diversity of such professional experience, we can offer not only universal solutions suitable for all businesses, but also tax advisory services that require specialized and in-depth industry [&hellip;]<\/p>\n","protected":false},"author":1,"featured_media":1274,"parent":0,"menu_order":13,"comment_status":"closed","ping_status":"closed","template":"","meta":{"footnotes":""},"class_list":["post-14","page","type-page","status-publish","has-post-thumbnail","hentry"],"yoast_head":"<!-- This site is optimized with the Yoast SEO plugin v27.3 - https:\/\/yoast.com\/product\/yoast-seo-wordpress\/ -->\n<title>Industries &#8212; TaxCube<\/title>\n<meta name=\"description\" content=\"M\u016bs\u0173 finans\u0173 ekspertai konsultuoja mokes\u010di\u0173, teis\u0117s, apskaitos ir projekt\u0173 vykdymo sektoriuose. Su\u017einokite daugiau! TaxCube - \u016akio sektoriai\" \/>\n<meta name=\"robots\" content=\"index, follow, max-snippet:-1, max-image-preview:large, max-video-preview:-1\" \/>\n<link rel=\"canonical\" href=\"https:\/\/taxcube.lt\/industries\/\" \/>\n<meta property=\"og:locale\" content=\"en_US\" \/>\n<meta property=\"og:type\" content=\"article\" \/>\n<meta property=\"og:title\" content=\"\u016akio sektoriai - TaxCube\" \/>\n<meta property=\"og:description\" content=\"M\u016bs\u0173 mokes\u010di\u0173 ekspertai konsultuoja mokes\u010di\u0173, teis\u0117s, apskaitos ir projekt\u0173 vykdymo sektoriuose. Su\u017einokite daugiau!\" \/>\n<meta property=\"og:url\" content=\"https:\/\/taxcube.lt\/industries\/\" \/>\n<meta property=\"og:site_name\" content=\"TaxCube\" \/>\n<meta property=\"article:publisher\" content=\"https:\/\/www.facebook.com\/taxcube\" \/>\n<meta property=\"article:modified_time\" content=\"2018-11-18T14:10:19+00:00\" \/>\n<meta property=\"og:image\" content=\"https:\/\/taxcube.lt\/wp-content\/uploads\/2015\/12\/Logo_FB.jpg\" \/>\n\t<meta property=\"og:image:width\" content=\"1200\" \/>\n\t<meta property=\"og:image:height\" content=\"628\" \/>\n\t<meta property=\"og:image:type\" content=\"image\/jpeg\" \/>\n<meta name=\"twitter:card\" content=\"summary_large_image\" \/>\n<meta name=\"twitter:label1\" content=\"Est. reading time\" \/>\n\t<meta name=\"twitter:data1\" content=\"1 minute\" \/>\n<script type=\"application\/ld+json\" class=\"yoast-schema-graph\">{\"@context\":\"https:\\\/\\\/schema.org\",\"@graph\":[{\"@type\":\"WebPage\",\"@id\":\"https:\\\/\\\/taxcube.lt\\\/industries\\\/\",\"url\":\"https:\\\/\\\/taxcube.lt\\\/industries\\\/\",\"name\":\"Industries &#8212; TaxCube\",\"isPartOf\":{\"@id\":\"https:\\\/\\\/taxcube.lt\\\/en\\\/#website\"},\"primaryImageOfPage\":{\"@id\":\"https:\\\/\\\/taxcube.lt\\\/industries\\\/#primaryimage\"},\"image\":{\"@id\":\"https:\\\/\\\/taxcube.lt\\\/industries\\\/#primaryimage\"},\"thumbnailUrl\":\"https:\\\/\\\/taxcube.lt\\\/wp-content\\\/uploads\\\/2015\\\/11\\\/914_0000_UKIO-SEKTORIAI.jpg\",\"datePublished\":\"2015-11-20T03:57:25+00:00\",\"dateModified\":\"2018-11-18T14:10:19+00:00\",\"description\":\"M\u016bs\u0173 finans\u0173 ekspertai konsultuoja mokes\u010di\u0173, teis\u0117s, apskaitos ir projekt\u0173 vykdymo sektoriuose. Su\u017einokite daugiau! TaxCube - \u016akio sektoriai\",\"breadcrumb\":{\"@id\":\"https:\\\/\\\/taxcube.lt\\\/industries\\\/#breadcrumb\"},\"inLanguage\":\"en-US\",\"potentialAction\":[{\"@type\":\"ReadAction\",\"target\":[\"https:\\\/\\\/taxcube.lt\\\/industries\\\/\"]}]},{\"@type\":\"ImageObject\",\"inLanguage\":\"en-US\",\"@id\":\"https:\\\/\\\/taxcube.lt\\\/industries\\\/#primaryimage\",\"url\":\"https:\\\/\\\/taxcube.lt\\\/wp-content\\\/uploads\\\/2015\\\/11\\\/914_0000_UKIO-SEKTORIAI.jpg\",\"contentUrl\":\"https:\\\/\\\/taxcube.lt\\\/wp-content\\\/uploads\\\/2015\\\/11\\\/914_0000_UKIO-SEKTORIAI.jpg\",\"width\":914,\"height\":170,\"caption\":\"\u016akio sektoriai\"},{\"@type\":\"BreadcrumbList\",\"@id\":\"https:\\\/\\\/taxcube.lt\\\/industries\\\/#breadcrumb\",\"itemListElement\":[{\"@type\":\"ListItem\",\"position\":1,\"name\":\"Home\",\"item\":\"https:\\\/\\\/taxcube.lt\\\/en\\\/\"},{\"@type\":\"ListItem\",\"position\":2,\"name\":\"\u016akio sektoriai\"}]},{\"@type\":\"WebSite\",\"@id\":\"https:\\\/\\\/taxcube.lt\\\/en\\\/#website\",\"url\":\"https:\\\/\\\/taxcube.lt\\\/en\\\/\",\"name\":\"TaxCube\",\"description\":\"TaxCube\",\"publisher\":{\"@id\":\"https:\\\/\\\/taxcube.lt\\\/en\\\/#organization\"},\"potentialAction\":[{\"@type\":\"SearchAction\",\"target\":{\"@type\":\"EntryPoint\",\"urlTemplate\":\"https:\\\/\\\/taxcube.lt\\\/en\\\/?s={search_term_string}\"},\"query-input\":{\"@type\":\"PropertyValueSpecification\",\"valueRequired\":true,\"valueName\":\"search_term_string\"}}],\"inLanguage\":\"en-US\"},{\"@type\":\"Organization\",\"@id\":\"https:\\\/\\\/taxcube.lt\\\/en\\\/#organization\",\"name\":\"TaxCube, UAB\",\"url\":\"https:\\\/\\\/taxcube.lt\\\/en\\\/\",\"logo\":{\"@type\":\"ImageObject\",\"inLanguage\":\"en-US\",\"@id\":\"https:\\\/\\\/taxcube.lt\\\/en\\\/#\\\/schema\\\/logo\\\/image\\\/\",\"url\":\"https:\\\/\\\/taxcube.lt\\\/wp-content\\\/uploads\\\/2015\\\/11\\\/logo.png\",\"contentUrl\":\"https:\\\/\\\/taxcube.lt\\\/wp-content\\\/uploads\\\/2015\\\/11\\\/logo.png\",\"width\":86,\"height\":97,\"caption\":\"TaxCube, UAB\"},\"image\":{\"@id\":\"https:\\\/\\\/taxcube.lt\\\/en\\\/#\\\/schema\\\/logo\\\/image\\\/\"},\"sameAs\":[\"https:\\\/\\\/www.facebook.com\\\/taxcube\",\"https:\\\/\\\/www.linkedin.com\\\/company\\\/taxcube-uab\"]}]}<\/script>\n<!-- \/ Yoast SEO plugin. -->","yoast_head_json":{"title":"Industries &#8212; TaxCube","description":"M\u016bs\u0173 finans\u0173 ekspertai konsultuoja mokes\u010di\u0173, teis\u0117s, apskaitos ir projekt\u0173 vykdymo sektoriuose. Su\u017einokite daugiau! TaxCube - \u016akio sektoriai","robots":{"index":"index","follow":"follow","max-snippet":"max-snippet:-1","max-image-preview":"max-image-preview:large","max-video-preview":"max-video-preview:-1"},"canonical":"https:\/\/taxcube.lt\/industries\/","og_locale":"en_US","og_type":"article","og_title":"\u016akio sektoriai - TaxCube","og_description":"M\u016bs\u0173 mokes\u010di\u0173 ekspertai konsultuoja mokes\u010di\u0173, teis\u0117s, apskaitos ir projekt\u0173 vykdymo sektoriuose. Su\u017einokite daugiau!","og_url":"https:\/\/taxcube.lt\/industries\/","og_site_name":"TaxCube","article_publisher":"https:\/\/www.facebook.com\/taxcube","article_modified_time":"2018-11-18T14:10:19+00:00","og_image":[{"width":1200,"height":628,"url":"https:\/\/taxcube.lt\/wp-content\/uploads\/2015\/12\/Logo_FB.jpg","type":"image\/jpeg"}],"twitter_card":"summary_large_image","twitter_misc":{"Est. reading time":"1 minute"},"schema":{"@context":"https:\/\/schema.org","@graph":[{"@type":"WebPage","@id":"https:\/\/taxcube.lt\/industries\/","url":"https:\/\/taxcube.lt\/industries\/","name":"Industries &#8212; TaxCube","isPartOf":{"@id":"https:\/\/taxcube.lt\/en\/#website"},"primaryImageOfPage":{"@id":"https:\/\/taxcube.lt\/industries\/#primaryimage"},"image":{"@id":"https:\/\/taxcube.lt\/industries\/#primaryimage"},"thumbnailUrl":"https:\/\/taxcube.lt\/wp-content\/uploads\/2015\/11\/914_0000_UKIO-SEKTORIAI.jpg","datePublished":"2015-11-20T03:57:25+00:00","dateModified":"2018-11-18T14:10:19+00:00","description":"M\u016bs\u0173 finans\u0173 ekspertai konsultuoja mokes\u010di\u0173, teis\u0117s, apskaitos ir projekt\u0173 vykdymo sektoriuose. Su\u017einokite daugiau! TaxCube - \u016akio sektoriai","breadcrumb":{"@id":"https:\/\/taxcube.lt\/industries\/#breadcrumb"},"inLanguage":"en-US","potentialAction":[{"@type":"ReadAction","target":["https:\/\/taxcube.lt\/industries\/"]}]},{"@type":"ImageObject","inLanguage":"en-US","@id":"https:\/\/taxcube.lt\/industries\/#primaryimage","url":"https:\/\/taxcube.lt\/wp-content\/uploads\/2015\/11\/914_0000_UKIO-SEKTORIAI.jpg","contentUrl":"https:\/\/taxcube.lt\/wp-content\/uploads\/2015\/11\/914_0000_UKIO-SEKTORIAI.jpg","width":914,"height":170,"caption":"\u016akio sektoriai"},{"@type":"BreadcrumbList","@id":"https:\/\/taxcube.lt\/industries\/#breadcrumb","itemListElement":[{"@type":"ListItem","position":1,"name":"Home","item":"https:\/\/taxcube.lt\/en\/"},{"@type":"ListItem","position":2,"name":"\u016akio sektoriai"}]},{"@type":"WebSite","@id":"https:\/\/taxcube.lt\/en\/#website","url":"https:\/\/taxcube.lt\/en\/","name":"TaxCube","description":"TaxCube","publisher":{"@id":"https:\/\/taxcube.lt\/en\/#organization"},"potentialAction":[{"@type":"SearchAction","target":{"@type":"EntryPoint","urlTemplate":"https:\/\/taxcube.lt\/en\/?s={search_term_string}"},"query-input":{"@type":"PropertyValueSpecification","valueRequired":true,"valueName":"search_term_string"}}],"inLanguage":"en-US"},{"@type":"Organization","@id":"https:\/\/taxcube.lt\/en\/#organization","name":"TaxCube, UAB","url":"https:\/\/taxcube.lt\/en\/","logo":{"@type":"ImageObject","inLanguage":"en-US","@id":"https:\/\/taxcube.lt\/en\/#\/schema\/logo\/image\/","url":"https:\/\/taxcube.lt\/wp-content\/uploads\/2015\/11\/logo.png","contentUrl":"https:\/\/taxcube.lt\/wp-content\/uploads\/2015\/11\/logo.png","width":86,"height":97,"caption":"TaxCube, UAB"},"image":{"@id":"https:\/\/taxcube.lt\/en\/#\/schema\/logo\/image\/"},"sameAs":["https:\/\/www.facebook.com\/taxcube","https:\/\/www.linkedin.com\/company\/taxcube-uab"]}]}},"wps_subtitle":"","_links":{"self":[{"href":"https:\/\/taxcube.lt\/en\/wp-json\/wp\/v2\/pages\/14","targetHints":{"allow":["GET"]}}],"collection":[{"href":"https:\/\/taxcube.lt\/en\/wp-json\/wp\/v2\/pages"}],"about":[{"href":"https:\/\/taxcube.lt\/en\/wp-json\/wp\/v2\/types\/page"}],"author":[{"embeddable":true,"href":"https:\/\/taxcube.lt\/en\/wp-json\/wp\/v2\/users\/1"}],"replies":[{"embeddable":true,"href":"https:\/\/taxcube.lt\/en\/wp-json\/wp\/v2\/comments?post=14"}],"version-history":[{"count":1,"href":"https:\/\/taxcube.lt\/en\/wp-json\/wp\/v2\/pages\/14\/revisions"}],"predecessor-version":[{"id":1657,"href":"https:\/\/taxcube.lt\/en\/wp-json\/wp\/v2\/pages\/14\/revisions\/1657"}],"wp:featuredmedia":[{"embeddable":true,"href":"https:\/\/taxcube.lt\/en\/wp-json\/wp\/v2\/media\/1274"}],"wp:attachment":[{"href":"https:\/\/taxcube.lt\/en\/wp-json\/wp\/v2\/media?parent=14"}],"curies":[{"name":"wp","href":"https:\/\/api.w.org\/{rel}","templated":true}]}}