{"id":18,"date":"2015-11-20T03:58:04","date_gmt":"2015-11-20T03:58:04","guid":{"rendered":"https:\/\/taxcube.lt\/?page_id=18"},"modified":"2025-04-07T11:34:37","modified_gmt":"2025-04-07T08:34:37","slug":"career","status":"publish","type":"page","link":"https:\/\/taxcube.lt\/en\/career\/","title":{"rendered":"Career"},"content":{"rendered":"<p><\/p>\n<p style=\"text-align: justify;\">We are always looking for talented colleagues.<\/p>\n<h3><span data-teams=\"true\"><span class=\"ui-provider a b c d e f g h i j k l m n o p q r s t u v w x y z ab ac ae af ag ah ai aj ak\" dir=\"ltr\">Transfer Pricing<\/span><\/span><\/h3>\n<p>We invite <a href=\"https:\/\/taxcube.lt\/en\/join-us\/\">Financial Analyst (English speaking)<\/a> to join our team of tax experts<\/p>\n<h3><span data-teams=\"true\"><span class=\"ui-provider a b c d e f g h i j k l m n o p q r s t u v w x y z ab ac ae af ag ah ai aj ak\" dir=\"ltr\">Tax advisory<\/span><\/span><\/h3>\n<p>We invite you to take part in a paid traineeship (with the possibility of extending your career at TaxCube) and gain hands-on experience in tax.<\/p>\n<h3><span data-teams=\"true\"><span class=\"ui-provider a b c d e f g h i j k l m n o p q r s t u v w x y z ab ac ae af ag ah ai aj ak\" dir=\"ltr\">Accounting<\/span><\/span><\/h3>\n<p>We are looking for\u00a0 <a href=\"https:\/\/taxcube.lt\/logistikos-vyr-buhalteris-e\/\">Senior Accountant\/Accountant<\/a> who will take care of accounting matters of large international (German) logistics company starting up in Lithuania<\/p>\n<p style=\"text-align: justify;\">Our work environment is full of challenges and opportunities. While working at TaxCube, you will contribute to significant projects that create not only value for the Clients, but also knowledge and experience for you, as a professional.<\/p>\n<p style=\"text-align: justify;\">We offer salary that corresponds to employee&#8217;s input, performance-based bonus scheme and additional package, that is tailored to individual expectations of employee.<\/p>\n<h3><span data-teams=\"true\"><span class=\"ui-provider a b c d e f g h i j k l m n o p q r s t u v w x y z ab ac ae af ag ah ai aj ak\" dir=\"ltr\">Paid internship<\/span><\/span><\/h3>\n<p><img loading=\"lazy\" decoding=\"async\" width=\"707\" height=\"1000\" class=\"aligncenter size-full wp-image-122216\" src=\"https:\/\/taxcube.lt\/wp-content\/uploads\/2025\/04\/TC-Tax-intern-vacancy-v2-web.png\" alt=\"\" style=\"max-width: 100%; height: auto;\" srcset=\"https:\/\/taxcube.lt\/wp-content\/uploads\/2025\/04\/TC-Tax-intern-vacancy-v2-web.png 707w, https:\/\/taxcube.lt\/wp-content\/uploads\/2025\/04\/TC-Tax-intern-vacancy-v2-web-212x300.png 212w\" sizes=\"auto, (max-width: 707px) 100vw, 707px\" \/><\/p>\n<p><img loading=\"lazy\" decoding=\"async\" width=\"707\" height=\"1000\" class=\"aligncenter size-full wp-image-122222\" src=\"https:\/\/taxcube.lt\/wp-content\/uploads\/2025\/04\/TC-Financial-analyst-intern-vacancy-v2-web.png\" alt=\"\" style=\"max-width: 100%; height: auto;\" srcset=\"https:\/\/taxcube.lt\/wp-content\/uploads\/2025\/04\/TC-Financial-analyst-intern-vacancy-v2-web.png 707w, https:\/\/taxcube.lt\/wp-content\/uploads\/2025\/04\/TC-Financial-analyst-intern-vacancy-v2-web-212x300.png 212w\" sizes=\"auto, (max-width: 707px) 100vw, 707px\" \/><\/p>","protected":false},"excerpt":{"rendered":"<p>Are you interested?<\/p>\n","protected":false},"author":1,"featured_media":1322,"parent":0,"menu_order":16,"comment_status":"closed","ping_status":"closed","template":"","meta":{"footnotes":""},"class_list":["post-18","page","type-page","status-publish","has-post-thumbnail","hentry"],"yoast_head":"<!-- This site is optimized with the Yoast SEO plugin v27.3 - https:\/\/yoast.com\/product\/yoast-seo-wordpress\/ -->\n<title>Career - TaxCube<\/title>\n<meta name=\"description\" content=\"We are always looking for talented colleagues. Our work environment is full of challenges and opportunities. Join us!\" \/>\n<meta name=\"robots\" content=\"index, follow, max-snippet:-1, max-image-preview:large, max-video-preview:-1\" \/>\n<link rel=\"canonical\" href=\"https:\/\/taxcube.lt\/career\/\" \/>\n<meta property=\"og:locale\" content=\"en_US\" \/>\n<meta property=\"og:type\" content=\"article\" \/>\n<meta property=\"og:title\" content=\"[:en]Career - TaxCube[:]\" \/>\n<meta property=\"og:description\" content=\"{:lt}Dirbdami TaxCube J\u016bs b\u016bsite \u012ftraukti \u012f reik\u0161mingus projektus, sukurian\u010dius vert\u0119 klientams, \u017eini\u0173 ir patirties darbuotojams. Atsi\u0173skite savo CV. | Karjera TaxCube{:en}We are always looking for talented colleagues. Our work environment is full of challenges and opportunities. Join us!{:ru}Dirbdami TaxCube J\u016bs b\u016bsite \u012ftraukti \u012f reik\u0161mingus projektus, sukurian\u010dius vert\u0119 klientams, \u017eini\u0173 ir patirties darbuotojams. Atsi\u0173skite savo CV. | Karjera TaxCube{:}\" \/>\n<meta property=\"og:url\" content=\"https:\/\/taxcube.lt\/career\/\" \/>\n<meta property=\"og:site_name\" content=\"TaxCube\" \/>\n<meta property=\"article:publisher\" content=\"https:\/\/www.facebook.com\/taxcube\" \/>\n<meta property=\"article:modified_time\" content=\"2025-04-07T08:34:37+00:00\" \/>\n<meta property=\"og:image\" content=\"https:\/\/taxcube.lt\/wp-content\/uploads\/2015\/11\/1170_0003_KARJERA3.jpg\" \/>\n\t<meta property=\"og:image:width\" content=\"1170\" \/>\n\t<meta property=\"og:image:height\" content=\"170\" \/>\n\t<meta property=\"og:image:type\" content=\"image\/jpeg\" \/>\n<meta name=\"twitter:card\" content=\"summary_large_image\" \/>\n<meta name=\"twitter:label1\" content=\"Est. reading time\" \/>\n\t<meta name=\"twitter:data1\" content=\"3 minutes\" \/>\n<script type=\"application\/ld+json\" class=\"yoast-schema-graph\">{\"@context\":\"https:\\\/\\\/schema.org\",\"@graph\":[{\"@type\":\"WebPage\",\"@id\":\"https:\\\/\\\/taxcube.lt\\\/career\\\/\",\"url\":\"https:\\\/\\\/taxcube.lt\\\/career\\\/\",\"name\":\"[:en]Career - TaxCube[:]\",\"isPartOf\":{\"@id\":\"https:\\\/\\\/taxcube.lt\\\/en\\\/#website\"},\"primaryImageOfPage\":{\"@id\":\"https:\\\/\\\/taxcube.lt\\\/career\\\/#primaryimage\"},\"image\":{\"@id\":\"https:\\\/\\\/taxcube.lt\\\/career\\\/#primaryimage\"},\"thumbnailUrl\":\"https:\\\/\\\/taxcube.lt\\\/wp-content\\\/uploads\\\/2015\\\/11\\\/1170_0003_KARJERA3.jpg\",\"datePublished\":\"2015-11-20T03:58:04+00:00\",\"dateModified\":\"2025-04-07T08:34:37+00:00\",\"description\":\"{:lt}Dirbdami TaxCube J\u016bs b\u016bsite \u012ftraukti \u012f reik\u0161mingus projektus, sukurian\u010dius vert\u0119 klientams, \u017eini\u0173 ir patirties darbuotojams. Atsi\u0173skite savo CV. | Karjera TaxCube{:en}We are always looking for talented colleagues. Our work environment is full of challenges and opportunities. Join us!{:ru}Dirbdami TaxCube J\u016bs b\u016bsite \u012ftraukti \u012f reik\u0161mingus projektus, sukurian\u010dius vert\u0119 klientams, \u017eini\u0173 ir patirties darbuotojams. Atsi\u0173skite savo CV. | Karjera TaxCube{:}\",\"breadcrumb\":{\"@id\":\"https:\\\/\\\/taxcube.lt\\\/career\\\/#breadcrumb\"},\"inLanguage\":\"en-US\",\"potentialAction\":[{\"@type\":\"ReadAction\",\"target\":[\"https:\\\/\\\/taxcube.lt\\\/career\\\/\"]}]},{\"@type\":\"ImageObject\",\"inLanguage\":\"en-US\",\"@id\":\"https:\\\/\\\/taxcube.lt\\\/career\\\/#primaryimage\",\"url\":\"https:\\\/\\\/taxcube.lt\\\/wp-content\\\/uploads\\\/2015\\\/11\\\/1170_0003_KARJERA3.jpg\",\"contentUrl\":\"https:\\\/\\\/taxcube.lt\\\/wp-content\\\/uploads\\\/2015\\\/11\\\/1170_0003_KARJERA3.jpg\",\"width\":1170,\"height\":170,\"caption\":\"Karjera TaxCube\"},{\"@type\":\"BreadcrumbList\",\"@id\":\"https:\\\/\\\/taxcube.lt\\\/career\\\/#breadcrumb\",\"itemListElement\":[{\"@type\":\"ListItem\",\"position\":1,\"name\":\"Home\",\"item\":\"https:\\\/\\\/taxcube.lt\\\/en\\\/\"},{\"@type\":\"ListItem\",\"position\":2,\"name\":\"Karjera\"}]},{\"@type\":\"WebSite\",\"@id\":\"https:\\\/\\\/taxcube.lt\\\/en\\\/#website\",\"url\":\"https:\\\/\\\/taxcube.lt\\\/en\\\/\",\"name\":\"TaxCube\",\"description\":\"TaxCube\",\"publisher\":{\"@id\":\"https:\\\/\\\/taxcube.lt\\\/en\\\/#organization\"},\"potentialAction\":[{\"@type\":\"SearchAction\",\"target\":{\"@type\":\"EntryPoint\",\"urlTemplate\":\"https:\\\/\\\/taxcube.lt\\\/en\\\/?s={search_term_string}\"},\"query-input\":{\"@type\":\"PropertyValueSpecification\",\"valueRequired\":true,\"valueName\":\"search_term_string\"}}],\"inLanguage\":\"en-US\"},{\"@type\":\"Organization\",\"@id\":\"https:\\\/\\\/taxcube.lt\\\/en\\\/#organization\",\"name\":\"TaxCube, UAB\",\"url\":\"https:\\\/\\\/taxcube.lt\\\/en\\\/\",\"logo\":{\"@type\":\"ImageObject\",\"inLanguage\":\"en-US\",\"@id\":\"https:\\\/\\\/taxcube.lt\\\/en\\\/#\\\/schema\\\/logo\\\/image\\\/\",\"url\":\"https:\\\/\\\/taxcube.lt\\\/wp-content\\\/uploads\\\/2015\\\/11\\\/logo.png\",\"contentUrl\":\"https:\\\/\\\/taxcube.lt\\\/wp-content\\\/uploads\\\/2015\\\/11\\\/logo.png\",\"width\":86,\"height\":97,\"caption\":\"TaxCube, UAB\"},\"image\":{\"@id\":\"https:\\\/\\\/taxcube.lt\\\/en\\\/#\\\/schema\\\/logo\\\/image\\\/\"},\"sameAs\":[\"https:\\\/\\\/www.facebook.com\\\/taxcube\",\"https:\\\/\\\/www.linkedin.com\\\/company\\\/taxcube-uab\"]}]}<\/script>\n<!-- \/ Yoast SEO plugin. -->","yoast_head_json":{"title":"Career - TaxCube","description":"We are always looking for talented colleagues. Our work environment is full of challenges and opportunities. Join us!","robots":{"index":"index","follow":"follow","max-snippet":"max-snippet:-1","max-image-preview":"max-image-preview:large","max-video-preview":"max-video-preview:-1"},"canonical":"https:\/\/taxcube.lt\/career\/","og_locale":"en_US","og_type":"article","og_title":"[:en]Career - TaxCube[:]","og_description":"{:lt}Dirbdami TaxCube J\u016bs b\u016bsite \u012ftraukti \u012f reik\u0161mingus projektus, sukurian\u010dius vert\u0119 klientams, \u017eini\u0173 ir patirties darbuotojams. Atsi\u0173skite savo CV. | Karjera TaxCube{:en}We are always looking for talented colleagues. Our work environment is full of challenges and opportunities. Join us!{:ru}Dirbdami TaxCube J\u016bs b\u016bsite \u012ftraukti \u012f reik\u0161mingus projektus, sukurian\u010dius vert\u0119 klientams, \u017eini\u0173 ir patirties darbuotojams. Atsi\u0173skite savo CV. | Karjera TaxCube{:}","og_url":"https:\/\/taxcube.lt\/career\/","og_site_name":"TaxCube","article_publisher":"https:\/\/www.facebook.com\/taxcube","article_modified_time":"2025-04-07T08:34:37+00:00","og_image":[{"width":1170,"height":170,"url":"https:\/\/taxcube.lt\/wp-content\/uploads\/2015\/11\/1170_0003_KARJERA3.jpg","type":"image\/jpeg"}],"twitter_card":"summary_large_image","twitter_misc":{"Est. reading time":"3 minutes"},"schema":{"@context":"https:\/\/schema.org","@graph":[{"@type":"WebPage","@id":"https:\/\/taxcube.lt\/career\/","url":"https:\/\/taxcube.lt\/career\/","name":"[:en]Career - TaxCube[:]","isPartOf":{"@id":"https:\/\/taxcube.lt\/en\/#website"},"primaryImageOfPage":{"@id":"https:\/\/taxcube.lt\/career\/#primaryimage"},"image":{"@id":"https:\/\/taxcube.lt\/career\/#primaryimage"},"thumbnailUrl":"https:\/\/taxcube.lt\/wp-content\/uploads\/2015\/11\/1170_0003_KARJERA3.jpg","datePublished":"2015-11-20T03:58:04+00:00","dateModified":"2025-04-07T08:34:37+00:00","description":"{:lt}Dirbdami TaxCube J\u016bs b\u016bsite \u012ftraukti \u012f reik\u0161mingus projektus, sukurian\u010dius vert\u0119 klientams, \u017eini\u0173 ir patirties darbuotojams. Atsi\u0173skite savo CV. | Karjera TaxCube{:en}We are always looking for talented colleagues. Our work environment is full of challenges and opportunities. Join us!{:ru}Dirbdami TaxCube J\u016bs b\u016bsite \u012ftraukti \u012f reik\u0161mingus projektus, sukurian\u010dius vert\u0119 klientams, \u017eini\u0173 ir patirties darbuotojams. Atsi\u0173skite savo CV. | Karjera TaxCube{:}","breadcrumb":{"@id":"https:\/\/taxcube.lt\/career\/#breadcrumb"},"inLanguage":"en-US","potentialAction":[{"@type":"ReadAction","target":["https:\/\/taxcube.lt\/career\/"]}]},{"@type":"ImageObject","inLanguage":"en-US","@id":"https:\/\/taxcube.lt\/career\/#primaryimage","url":"https:\/\/taxcube.lt\/wp-content\/uploads\/2015\/11\/1170_0003_KARJERA3.jpg","contentUrl":"https:\/\/taxcube.lt\/wp-content\/uploads\/2015\/11\/1170_0003_KARJERA3.jpg","width":1170,"height":170,"caption":"Karjera TaxCube"},{"@type":"BreadcrumbList","@id":"https:\/\/taxcube.lt\/career\/#breadcrumb","itemListElement":[{"@type":"ListItem","position":1,"name":"Home","item":"https:\/\/taxcube.lt\/en\/"},{"@type":"ListItem","position":2,"name":"Karjera"}]},{"@type":"WebSite","@id":"https:\/\/taxcube.lt\/en\/#website","url":"https:\/\/taxcube.lt\/en\/","name":"TaxCube","description":"TaxCube","publisher":{"@id":"https:\/\/taxcube.lt\/en\/#organization"},"potentialAction":[{"@type":"SearchAction","target":{"@type":"EntryPoint","urlTemplate":"https:\/\/taxcube.lt\/en\/?s={search_term_string}"},"query-input":{"@type":"PropertyValueSpecification","valueRequired":true,"valueName":"search_term_string"}}],"inLanguage":"en-US"},{"@type":"Organization","@id":"https:\/\/taxcube.lt\/en\/#organization","name":"TaxCube, UAB","url":"https:\/\/taxcube.lt\/en\/","logo":{"@type":"ImageObject","inLanguage":"en-US","@id":"https:\/\/taxcube.lt\/en\/#\/schema\/logo\/image\/","url":"https:\/\/taxcube.lt\/wp-content\/uploads\/2015\/11\/logo.png","contentUrl":"https:\/\/taxcube.lt\/wp-content\/uploads\/2015\/11\/logo.png","width":86,"height":97,"caption":"TaxCube, UAB"},"image":{"@id":"https:\/\/taxcube.lt\/en\/#\/schema\/logo\/image\/"},"sameAs":["https:\/\/www.facebook.com\/taxcube","https:\/\/www.linkedin.com\/company\/taxcube-uab"]}]}},"wps_subtitle":"","_links":{"self":[{"href":"https:\/\/taxcube.lt\/en\/wp-json\/wp\/v2\/pages\/18","targetHints":{"allow":["GET"]}}],"collection":[{"href":"https:\/\/taxcube.lt\/en\/wp-json\/wp\/v2\/pages"}],"about":[{"href":"https:\/\/taxcube.lt\/en\/wp-json\/wp\/v2\/types\/page"}],"author":[{"embeddable":true,"href":"https:\/\/taxcube.lt\/en\/wp-json\/wp\/v2\/users\/1"}],"replies":[{"embeddable":true,"href":"https:\/\/taxcube.lt\/en\/wp-json\/wp\/v2\/comments?post=18"}],"version-history":[{"count":43,"href":"https:\/\/taxcube.lt\/en\/wp-json\/wp\/v2\/pages\/18\/revisions"}],"predecessor-version":[{"id":122229,"href":"https:\/\/taxcube.lt\/en\/wp-json\/wp\/v2\/pages\/18\/revisions\/122229"}],"wp:featuredmedia":[{"embeddable":true,"href":"https:\/\/taxcube.lt\/en\/wp-json\/wp\/v2\/media\/1322"}],"wp:attachment":[{"href":"https:\/\/taxcube.lt\/en\/wp-json\/wp\/v2\/media?parent=18"}],"curies":[{"name":"wp","href":"https:\/\/api.w.org\/{rel}","templated":true}]}}