{"id":20,"date":"2015-11-20T03:58:18","date_gmt":"2015-11-20T03:58:18","guid":{"rendered":"https:\/\/taxcube.lt\/?page_id=20"},"modified":"2025-06-11T17:21:34","modified_gmt":"2025-06-11T14:21:34","slug":"contacts","status":"publish","type":"page","link":"https:\/\/taxcube.lt\/en\/contacts\/","title":{"rendered":"Contacts"},"content":{"rendered":"<p><\/p>\n<h1>Contact us<\/h1>\n<p>Thank you for your interest in our services.<\/p>\n<p>You can contact us at the following contacts or by&nbsp;filling out the contact form.<\/p>\n<p>Our specialists will contact you shortly.<\/p>\n<p>&nbsp;<\/p>\n<p>&nbsp;<\/p>","protected":false},"excerpt":{"rendered":"<p>Contact us Thank you for your interest in our services. You can contact us at the following contacts or by&nbsp;filling out the contact form. Our specialists will contact you shortly. &nbsp; &nbsp;<\/p>\n","protected":false},"author":1,"featured_media":1338,"parent":0,"menu_order":17,"comment_status":"closed","ping_status":"closed","template":"","meta":{"footnotes":""},"class_list":["post-20","page","type-page","status-publish","has-post-thumbnail","hentry"],"yoast_head":"<!-- This site is optimized with the Yoast SEO plugin v27.3 - https:\/\/yoast.com\/product\/yoast-seo-wordpress\/ -->\n<title>Contacts - TaxCubeContacts<\/title>\n<meta name=\"description\" content=\"You can contact us at the following contacts or by filling out the contact form. Our specialists will contact you shortly.\" \/>\n<meta name=\"robots\" content=\"index, follow, max-snippet:-1, max-image-preview:large, max-video-preview:-1\" \/>\n<link rel=\"canonical\" href=\"https:\/\/taxcube.lt\/contacts\/\" \/>\n<meta property=\"og:locale\" content=\"en_US\" \/>\n<meta property=\"og:type\" content=\"article\" \/>\n<meta property=\"og:title\" content=\"[:lt][:lt]Kontaktai - TaxCube[:en]Contacts - TaxCube[:ru]Kontaktai[:][:en]Contacts[:]\" \/>\n<meta property=\"og:description\" content=\"{:lt}Susisiekite su mumis! M\u016bs\u0173 kontaktai: info@taxcube.lt +370 620 74008 ar u\u017epildykite u\u017eklausos form\u0105 esan\u010di\u0105 m\u016bs\u0173 puslapyje.\u00a0{:en}You can contact us at the following contacts or by filling out the contact form. Our specialists will contact you shortly. {:ru}Susisiekite su mumis! M\u016bs\u0173 kontaktai: info@taxcube.lt +370 620 74008 ar u\u017epildykite u\u017eklausos form\u0105 esan\u010di\u0105 m\u016bs\u0173 puslapyje.\u00a0{:}\" \/>\n<meta property=\"og:url\" content=\"https:\/\/taxcube.lt\/contacts\/\" \/>\n<meta property=\"og:site_name\" content=\"TaxCube\" \/>\n<meta property=\"article:publisher\" content=\"https:\/\/www.facebook.com\/taxcube\" \/>\n<meta property=\"article:modified_time\" content=\"2025-06-11T14:21:34+00:00\" \/>\n<meta property=\"og:image\" content=\"https:\/\/taxcube.lt\/wp-content\/uploads\/2015\/11\/Banner-kontaktai-1.png\" \/>\n\t<meta property=\"og:image:width\" content=\"1170\" \/>\n\t<meta property=\"og:image:height\" content=\"170\" \/>\n\t<meta property=\"og:image:type\" content=\"image\/png\" \/>\n<meta name=\"twitter:card\" content=\"summary_large_image\" \/>\n<meta name=\"twitter:label1\" content=\"Est. reading time\" \/>\n\t<meta name=\"twitter:data1\" content=\"1 minute\" \/>\n<script type=\"application\/ld+json\" class=\"yoast-schema-graph\">{\"@context\":\"https:\\\/\\\/schema.org\",\"@graph\":[{\"@type\":\"WebPage\",\"@id\":\"https:\\\/\\\/taxcube.lt\\\/contacts\\\/\",\"url\":\"https:\\\/\\\/taxcube.lt\\\/contacts\\\/\",\"name\":\"[:lt][:lt]Kontaktai - TaxCube[:en]Contacts - TaxCube[:ru]Kontaktai[:][:en]Contacts[:]\",\"isPartOf\":{\"@id\":\"https:\\\/\\\/taxcube.lt\\\/en\\\/#website\"},\"primaryImageOfPage\":{\"@id\":\"https:\\\/\\\/taxcube.lt\\\/contacts\\\/#primaryimage\"},\"image\":{\"@id\":\"https:\\\/\\\/taxcube.lt\\\/contacts\\\/#primaryimage\"},\"thumbnailUrl\":\"https:\\\/\\\/taxcube.lt\\\/wp-content\\\/uploads\\\/2015\\\/11\\\/Banner-kontaktai-1.png\",\"datePublished\":\"2015-11-20T03:58:18+00:00\",\"dateModified\":\"2025-06-11T14:21:34+00:00\",\"description\":\"{:lt}Susisiekite su mumis! M\u016bs\u0173 kontaktai: info@taxcube.lt +370 620 74008 ar u\u017epildykite u\u017eklausos form\u0105 esan\u010di\u0105 m\u016bs\u0173 puslapyje.\u00a0{:en}You can contact us at the following contacts or by filling out the contact form. Our specialists will contact you shortly. {:ru}Susisiekite su mumis! M\u016bs\u0173 kontaktai: info@taxcube.lt +370 620 74008 ar u\u017epildykite u\u017eklausos form\u0105 esan\u010di\u0105 m\u016bs\u0173 puslapyje.\u00a0{:}\",\"breadcrumb\":{\"@id\":\"https:\\\/\\\/taxcube.lt\\\/contacts\\\/#breadcrumb\"},\"inLanguage\":\"en-US\",\"potentialAction\":[{\"@type\":\"ReadAction\",\"target\":[\"https:\\\/\\\/taxcube.lt\\\/contacts\\\/\"]}]},{\"@type\":\"ImageObject\",\"inLanguage\":\"en-US\",\"@id\":\"https:\\\/\\\/taxcube.lt\\\/contacts\\\/#primaryimage\",\"url\":\"https:\\\/\\\/taxcube.lt\\\/wp-content\\\/uploads\\\/2015\\\/11\\\/Banner-kontaktai-1.png\",\"contentUrl\":\"https:\\\/\\\/taxcube.lt\\\/wp-content\\\/uploads\\\/2015\\\/11\\\/Banner-kontaktai-1.png\",\"width\":1170,\"height\":170,\"caption\":\"Kontaktai TaxCube\"},{\"@type\":\"BreadcrumbList\",\"@id\":\"https:\\\/\\\/taxcube.lt\\\/contacts\\\/#breadcrumb\",\"itemListElement\":[{\"@type\":\"ListItem\",\"position\":1,\"name\":\"Home\",\"item\":\"https:\\\/\\\/taxcube.lt\\\/en\\\/\"},{\"@type\":\"ListItem\",\"position\":2,\"name\":\"Kontaktai\"}]},{\"@type\":\"WebSite\",\"@id\":\"https:\\\/\\\/taxcube.lt\\\/en\\\/#website\",\"url\":\"https:\\\/\\\/taxcube.lt\\\/en\\\/\",\"name\":\"TaxCube\",\"description\":\"TaxCube\",\"publisher\":{\"@id\":\"https:\\\/\\\/taxcube.lt\\\/en\\\/#organization\"},\"potentialAction\":[{\"@type\":\"SearchAction\",\"target\":{\"@type\":\"EntryPoint\",\"urlTemplate\":\"https:\\\/\\\/taxcube.lt\\\/en\\\/?s={search_term_string}\"},\"query-input\":{\"@type\":\"PropertyValueSpecification\",\"valueRequired\":true,\"valueName\":\"search_term_string\"}}],\"inLanguage\":\"en-US\"},{\"@type\":\"Organization\",\"@id\":\"https:\\\/\\\/taxcube.lt\\\/en\\\/#organization\",\"name\":\"TaxCube, UAB\",\"url\":\"https:\\\/\\\/taxcube.lt\\\/en\\\/\",\"logo\":{\"@type\":\"ImageObject\",\"inLanguage\":\"en-US\",\"@id\":\"https:\\\/\\\/taxcube.lt\\\/en\\\/#\\\/schema\\\/logo\\\/image\\\/\",\"url\":\"https:\\\/\\\/taxcube.lt\\\/wp-content\\\/uploads\\\/2015\\\/11\\\/logo.png\",\"contentUrl\":\"https:\\\/\\\/taxcube.lt\\\/wp-content\\\/uploads\\\/2015\\\/11\\\/logo.png\",\"width\":86,\"height\":97,\"caption\":\"TaxCube, UAB\"},\"image\":{\"@id\":\"https:\\\/\\\/taxcube.lt\\\/en\\\/#\\\/schema\\\/logo\\\/image\\\/\"},\"sameAs\":[\"https:\\\/\\\/www.facebook.com\\\/taxcube\",\"https:\\\/\\\/www.linkedin.com\\\/company\\\/taxcube-uab\"]}]}<\/script>\n<!-- \/ Yoast SEO plugin. -->","yoast_head_json":{"title":"Contacts - TaxCubeContacts","description":"You can contact us at the following contacts or by filling out the contact form. Our specialists will contact you shortly.","robots":{"index":"index","follow":"follow","max-snippet":"max-snippet:-1","max-image-preview":"max-image-preview:large","max-video-preview":"max-video-preview:-1"},"canonical":"https:\/\/taxcube.lt\/contacts\/","og_locale":"en_US","og_type":"article","og_title":"[:lt][:lt]Kontaktai - TaxCube[:en]Contacts - TaxCube[:ru]Kontaktai[:][:en]Contacts[:]","og_description":"{:lt}Susisiekite su mumis! M\u016bs\u0173 kontaktai: info@taxcube.lt +370 620 74008 ar u\u017epildykite u\u017eklausos form\u0105 esan\u010di\u0105 m\u016bs\u0173 puslapyje.\u00a0{:en}You can contact us at the following contacts or by filling out the contact form. Our specialists will contact you shortly. {:ru}Susisiekite su mumis! M\u016bs\u0173 kontaktai: info@taxcube.lt +370 620 74008 ar u\u017epildykite u\u017eklausos form\u0105 esan\u010di\u0105 m\u016bs\u0173 puslapyje.\u00a0{:}","og_url":"https:\/\/taxcube.lt\/contacts\/","og_site_name":"TaxCube","article_publisher":"https:\/\/www.facebook.com\/taxcube","article_modified_time":"2025-06-11T14:21:34+00:00","og_image":[{"width":1170,"height":170,"url":"https:\/\/taxcube.lt\/wp-content\/uploads\/2015\/11\/Banner-kontaktai-1.png","type":"image\/png"}],"twitter_card":"summary_large_image","twitter_misc":{"Est. reading time":"1 minute"},"schema":{"@context":"https:\/\/schema.org","@graph":[{"@type":"WebPage","@id":"https:\/\/taxcube.lt\/contacts\/","url":"https:\/\/taxcube.lt\/contacts\/","name":"[:lt][:lt]Kontaktai - TaxCube[:en]Contacts - TaxCube[:ru]Kontaktai[:][:en]Contacts[:]","isPartOf":{"@id":"https:\/\/taxcube.lt\/en\/#website"},"primaryImageOfPage":{"@id":"https:\/\/taxcube.lt\/contacts\/#primaryimage"},"image":{"@id":"https:\/\/taxcube.lt\/contacts\/#primaryimage"},"thumbnailUrl":"https:\/\/taxcube.lt\/wp-content\/uploads\/2015\/11\/Banner-kontaktai-1.png","datePublished":"2015-11-20T03:58:18+00:00","dateModified":"2025-06-11T14:21:34+00:00","description":"{:lt}Susisiekite su mumis! M\u016bs\u0173 kontaktai: info@taxcube.lt +370 620 74008 ar u\u017epildykite u\u017eklausos form\u0105 esan\u010di\u0105 m\u016bs\u0173 puslapyje.\u00a0{:en}You can contact us at the following contacts or by filling out the contact form. Our specialists will contact you shortly. {:ru}Susisiekite su mumis! M\u016bs\u0173 kontaktai: info@taxcube.lt +370 620 74008 ar u\u017epildykite u\u017eklausos form\u0105 esan\u010di\u0105 m\u016bs\u0173 puslapyje.\u00a0{:}","breadcrumb":{"@id":"https:\/\/taxcube.lt\/contacts\/#breadcrumb"},"inLanguage":"en-US","potentialAction":[{"@type":"ReadAction","target":["https:\/\/taxcube.lt\/contacts\/"]}]},{"@type":"ImageObject","inLanguage":"en-US","@id":"https:\/\/taxcube.lt\/contacts\/#primaryimage","url":"https:\/\/taxcube.lt\/wp-content\/uploads\/2015\/11\/Banner-kontaktai-1.png","contentUrl":"https:\/\/taxcube.lt\/wp-content\/uploads\/2015\/11\/Banner-kontaktai-1.png","width":1170,"height":170,"caption":"Kontaktai TaxCube"},{"@type":"BreadcrumbList","@id":"https:\/\/taxcube.lt\/contacts\/#breadcrumb","itemListElement":[{"@type":"ListItem","position":1,"name":"Home","item":"https:\/\/taxcube.lt\/en\/"},{"@type":"ListItem","position":2,"name":"Kontaktai"}]},{"@type":"WebSite","@id":"https:\/\/taxcube.lt\/en\/#website","url":"https:\/\/taxcube.lt\/en\/","name":"TaxCube","description":"TaxCube","publisher":{"@id":"https:\/\/taxcube.lt\/en\/#organization"},"potentialAction":[{"@type":"SearchAction","target":{"@type":"EntryPoint","urlTemplate":"https:\/\/taxcube.lt\/en\/?s={search_term_string}"},"query-input":{"@type":"PropertyValueSpecification","valueRequired":true,"valueName":"search_term_string"}}],"inLanguage":"en-US"},{"@type":"Organization","@id":"https:\/\/taxcube.lt\/en\/#organization","name":"TaxCube, UAB","url":"https:\/\/taxcube.lt\/en\/","logo":{"@type":"ImageObject","inLanguage":"en-US","@id":"https:\/\/taxcube.lt\/en\/#\/schema\/logo\/image\/","url":"https:\/\/taxcube.lt\/wp-content\/uploads\/2015\/11\/logo.png","contentUrl":"https:\/\/taxcube.lt\/wp-content\/uploads\/2015\/11\/logo.png","width":86,"height":97,"caption":"TaxCube, UAB"},"image":{"@id":"https:\/\/taxcube.lt\/en\/#\/schema\/logo\/image\/"},"sameAs":["https:\/\/www.facebook.com\/taxcube","https:\/\/www.linkedin.com\/company\/taxcube-uab"]}]}},"wps_subtitle":"","_links":{"self":[{"href":"https:\/\/taxcube.lt\/en\/wp-json\/wp\/v2\/pages\/20","targetHints":{"allow":["GET"]}}],"collection":[{"href":"https:\/\/taxcube.lt\/en\/wp-json\/wp\/v2\/pages"}],"about":[{"href":"https:\/\/taxcube.lt\/en\/wp-json\/wp\/v2\/types\/page"}],"author":[{"embeddable":true,"href":"https:\/\/taxcube.lt\/en\/wp-json\/wp\/v2\/users\/1"}],"replies":[{"embeddable":true,"href":"https:\/\/taxcube.lt\/en\/wp-json\/wp\/v2\/comments?post=20"}],"version-history":[{"count":10,"href":"https:\/\/taxcube.lt\/en\/wp-json\/wp\/v2\/pages\/20\/revisions"}],"predecessor-version":[{"id":122231,"href":"https:\/\/taxcube.lt\/en\/wp-json\/wp\/v2\/pages\/20\/revisions\/122231"}],"wp:featuredmedia":[{"embeddable":true,"href":"https:\/\/taxcube.lt\/en\/wp-json\/wp\/v2\/media\/1338"}],"wp:attachment":[{"href":"https:\/\/taxcube.lt\/en\/wp-json\/wp\/v2\/media?parent=20"}],"curies":[{"name":"wp","href":"https:\/\/api.w.org\/{rel}","templated":true}]}}