{"id":29,"date":"2015-11-20T04:00:50","date_gmt":"2015-11-20T04:00:50","guid":{"rendered":"https:\/\/taxcube.lt\/?page_id=29"},"modified":"2025-06-11T17:20:06","modified_gmt":"2025-06-11T14:20:06","slug":"experts","status":"publish","type":"page","link":"https:\/\/taxcube.lt\/en\/experts\/","title":{"rendered":"Experts"},"content":{"rendered":"<p><\/p>\n<h2>Our experts:<\/h2>\n<ul>\n<li>Exclusively from big4 or the largest law firms in Lithuania;<\/li>\n<li>Each with 10 years of professional experience on average;<\/li>\n<li>Specialize in particular areas of tax, accounting and law.<\/li>\n<\/ul>\n<h1><\/h1>\n<p><\/p>","protected":false},"excerpt":{"rendered":"<p>Our experts: Exclusively from big4 or the largest law firms in Lithuania; Each with 10 years of professional experience on average; Specialize in particular areas of tax, accounting and law.<\/p>\n","protected":false},"author":1,"featured_media":1272,"parent":0,"menu_order":14,"comment_status":"closed","ping_status":"closed","template":"","meta":{"footnotes":""},"class_list":["post-29","page","type-page","status-publish","has-post-thumbnail","hentry"],"yoast_head":"<!-- This site is optimized with the Yoast SEO plugin v27.3 - https:\/\/yoast.com\/product\/yoast-seo-wordpress\/ -->\n<title>Experts - TaxCubeExperts - TaxCube<\/title>\n<meta name=\"description\" content=\"Our experts: exclusively from big4, each with 10 years of professional experience on average, specialize in particular areas of tax, accounting and law.\" \/>\n<meta name=\"robots\" content=\"index, follow, max-snippet:-1, max-image-preview:large, max-video-preview:-1\" \/>\n<link rel=\"canonical\" href=\"https:\/\/taxcube.lt\/experts\/\" \/>\n<meta property=\"og:locale\" content=\"en_US\" \/>\n<meta property=\"og:type\" content=\"article\" \/>\n<meta property=\"og:title\" content=\"[:lt][:lt]Ekspertai - TaxCube[:en]Experts - TaxCube[:ru]Ekspertai - TaxCube[:][:en]Experts - TaxCube[:]\" \/>\n<meta property=\"og:description\" content=\"{:lt}M\u016bs\u0173 ekspertai patyr\u0119 profesionalai, kurie pecializuojasi pagal atskiras mokes\u010di\u0173, apskaitos ir teis\u0117s konsultacij\u0173 sritis. Susisiekite su mumis dabar!{:en}Our experts: exclusively from big4, each with 10 years of professional experience on average, specialize in particular areas of tax, accounting and law.{:ru}M\u016bs\u0173 ekspertai patyr\u0119 profesionalai, kurie pecializuojasi pagal atskiras mokes\u010di\u0173, apskaitos ir teis\u0117s konsultacij\u0173 sritis. Susisiekite su mumis dabar!{:}\" \/>\n<meta property=\"og:url\" content=\"https:\/\/taxcube.lt\/experts\/\" \/>\n<meta property=\"og:site_name\" content=\"TaxCube\" \/>\n<meta property=\"article:publisher\" content=\"https:\/\/www.facebook.com\/taxcube\" \/>\n<meta property=\"article:modified_time\" content=\"2025-06-11T14:20:06+00:00\" \/>\n<meta property=\"og:image\" content=\"https:\/\/taxcube.lt\/wp-content\/uploads\/2016\/01\/1170_0004_EKSPERTAI.jpg\" \/>\n\t<meta property=\"og:image:width\" content=\"1170\" \/>\n\t<meta property=\"og:image:height\" content=\"170\" \/>\n\t<meta property=\"og:image:type\" content=\"image\/jpeg\" \/>\n<meta name=\"twitter:card\" content=\"summary_large_image\" \/>\n<meta name=\"twitter:label1\" content=\"Est. reading time\" \/>\n\t<meta name=\"twitter:data1\" content=\"1 minute\" \/>\n<script type=\"application\/ld+json\" class=\"yoast-schema-graph\">{\"@context\":\"https:\\\/\\\/schema.org\",\"@graph\":[{\"@type\":\"WebPage\",\"@id\":\"https:\\\/\\\/taxcube.lt\\\/experts\\\/\",\"url\":\"https:\\\/\\\/taxcube.lt\\\/experts\\\/\",\"name\":\"[:lt][:lt]Ekspertai - TaxCube[:en]Experts - TaxCube[:ru]Ekspertai - TaxCube[:][:en]Experts - TaxCube[:]\",\"isPartOf\":{\"@id\":\"https:\\\/\\\/taxcube.lt\\\/en\\\/#website\"},\"primaryImageOfPage\":{\"@id\":\"https:\\\/\\\/taxcube.lt\\\/experts\\\/#primaryimage\"},\"image\":{\"@id\":\"https:\\\/\\\/taxcube.lt\\\/experts\\\/#primaryimage\"},\"thumbnailUrl\":\"https:\\\/\\\/taxcube.lt\\\/wp-content\\\/uploads\\\/2016\\\/01\\\/1170_0004_EKSPERTAI.jpg\",\"datePublished\":\"2015-11-20T04:00:50+00:00\",\"dateModified\":\"2025-06-11T14:20:06+00:00\",\"description\":\"{:lt}M\u016bs\u0173 ekspertai patyr\u0119 profesionalai, kurie pecializuojasi pagal atskiras mokes\u010di\u0173, apskaitos ir teis\u0117s konsultacij\u0173 sritis. Susisiekite su mumis dabar!{:en}Our experts: exclusively from big4, each with 10 years of professional experience on average, specialize in particular areas of tax, accounting and law.{:ru}M\u016bs\u0173 ekspertai patyr\u0119 profesionalai, kurie pecializuojasi pagal atskiras mokes\u010di\u0173, apskaitos ir teis\u0117s konsultacij\u0173 sritis. Susisiekite su mumis dabar!{:}\",\"breadcrumb\":{\"@id\":\"https:\\\/\\\/taxcube.lt\\\/experts\\\/#breadcrumb\"},\"inLanguage\":\"en-US\",\"potentialAction\":[{\"@type\":\"ReadAction\",\"target\":[\"https:\\\/\\\/taxcube.lt\\\/experts\\\/\"]}]},{\"@type\":\"ImageObject\",\"inLanguage\":\"en-US\",\"@id\":\"https:\\\/\\\/taxcube.lt\\\/experts\\\/#primaryimage\",\"url\":\"https:\\\/\\\/taxcube.lt\\\/wp-content\\\/uploads\\\/2016\\\/01\\\/1170_0004_EKSPERTAI.jpg\",\"contentUrl\":\"https:\\\/\\\/taxcube.lt\\\/wp-content\\\/uploads\\\/2016\\\/01\\\/1170_0004_EKSPERTAI.jpg\",\"width\":1170,\"height\":170,\"caption\":\"mokes\u010di\u0173 ekspertai\"},{\"@type\":\"BreadcrumbList\",\"@id\":\"https:\\\/\\\/taxcube.lt\\\/experts\\\/#breadcrumb\",\"itemListElement\":[{\"@type\":\"ListItem\",\"position\":1,\"name\":\"Home\",\"item\":\"https:\\\/\\\/taxcube.lt\\\/en\\\/\"},{\"@type\":\"ListItem\",\"position\":2,\"name\":\"Ekspertai\"}]},{\"@type\":\"WebSite\",\"@id\":\"https:\\\/\\\/taxcube.lt\\\/en\\\/#website\",\"url\":\"https:\\\/\\\/taxcube.lt\\\/en\\\/\",\"name\":\"TaxCube\",\"description\":\"TaxCube\",\"publisher\":{\"@id\":\"https:\\\/\\\/taxcube.lt\\\/en\\\/#organization\"},\"potentialAction\":[{\"@type\":\"SearchAction\",\"target\":{\"@type\":\"EntryPoint\",\"urlTemplate\":\"https:\\\/\\\/taxcube.lt\\\/en\\\/?s={search_term_string}\"},\"query-input\":{\"@type\":\"PropertyValueSpecification\",\"valueRequired\":true,\"valueName\":\"search_term_string\"}}],\"inLanguage\":\"en-US\"},{\"@type\":\"Organization\",\"@id\":\"https:\\\/\\\/taxcube.lt\\\/en\\\/#organization\",\"name\":\"TaxCube, UAB\",\"url\":\"https:\\\/\\\/taxcube.lt\\\/en\\\/\",\"logo\":{\"@type\":\"ImageObject\",\"inLanguage\":\"en-US\",\"@id\":\"https:\\\/\\\/taxcube.lt\\\/en\\\/#\\\/schema\\\/logo\\\/image\\\/\",\"url\":\"https:\\\/\\\/taxcube.lt\\\/wp-content\\\/uploads\\\/2015\\\/11\\\/logo.png\",\"contentUrl\":\"https:\\\/\\\/taxcube.lt\\\/wp-content\\\/uploads\\\/2015\\\/11\\\/logo.png\",\"width\":86,\"height\":97,\"caption\":\"TaxCube, UAB\"},\"image\":{\"@id\":\"https:\\\/\\\/taxcube.lt\\\/en\\\/#\\\/schema\\\/logo\\\/image\\\/\"},\"sameAs\":[\"https:\\\/\\\/www.facebook.com\\\/taxcube\",\"https:\\\/\\\/www.linkedin.com\\\/company\\\/taxcube-uab\"]}]}<\/script>\n<!-- \/ Yoast SEO plugin. -->","yoast_head_json":{"title":"Experts - TaxCubeExperts - TaxCube","description":"Our experts: exclusively from big4, each with 10 years of professional experience on average, specialize in particular areas of tax, accounting and law.","robots":{"index":"index","follow":"follow","max-snippet":"max-snippet:-1","max-image-preview":"max-image-preview:large","max-video-preview":"max-video-preview:-1"},"canonical":"https:\/\/taxcube.lt\/experts\/","og_locale":"en_US","og_type":"article","og_title":"[:lt][:lt]Ekspertai - TaxCube[:en]Experts - TaxCube[:ru]Ekspertai - TaxCube[:][:en]Experts - TaxCube[:]","og_description":"{:lt}M\u016bs\u0173 ekspertai patyr\u0119 profesionalai, kurie pecializuojasi pagal atskiras mokes\u010di\u0173, apskaitos ir teis\u0117s konsultacij\u0173 sritis. Susisiekite su mumis dabar!{:en}Our experts: exclusively from big4, each with 10 years of professional experience on average, specialize in particular areas of tax, accounting and law.{:ru}M\u016bs\u0173 ekspertai patyr\u0119 profesionalai, kurie pecializuojasi pagal atskiras mokes\u010di\u0173, apskaitos ir teis\u0117s konsultacij\u0173 sritis. Susisiekite su mumis dabar!{:}","og_url":"https:\/\/taxcube.lt\/experts\/","og_site_name":"TaxCube","article_publisher":"https:\/\/www.facebook.com\/taxcube","article_modified_time":"2025-06-11T14:20:06+00:00","og_image":[{"width":1170,"height":170,"url":"https:\/\/taxcube.lt\/wp-content\/uploads\/2016\/01\/1170_0004_EKSPERTAI.jpg","type":"image\/jpeg"}],"twitter_card":"summary_large_image","twitter_misc":{"Est. reading time":"1 minute"},"schema":{"@context":"https:\/\/schema.org","@graph":[{"@type":"WebPage","@id":"https:\/\/taxcube.lt\/experts\/","url":"https:\/\/taxcube.lt\/experts\/","name":"[:lt][:lt]Ekspertai - TaxCube[:en]Experts - TaxCube[:ru]Ekspertai - TaxCube[:][:en]Experts - TaxCube[:]","isPartOf":{"@id":"https:\/\/taxcube.lt\/en\/#website"},"primaryImageOfPage":{"@id":"https:\/\/taxcube.lt\/experts\/#primaryimage"},"image":{"@id":"https:\/\/taxcube.lt\/experts\/#primaryimage"},"thumbnailUrl":"https:\/\/taxcube.lt\/wp-content\/uploads\/2016\/01\/1170_0004_EKSPERTAI.jpg","datePublished":"2015-11-20T04:00:50+00:00","dateModified":"2025-06-11T14:20:06+00:00","description":"{:lt}M\u016bs\u0173 ekspertai patyr\u0119 profesionalai, kurie pecializuojasi pagal atskiras mokes\u010di\u0173, apskaitos ir teis\u0117s konsultacij\u0173 sritis. Susisiekite su mumis dabar!{:en}Our experts: exclusively from big4, each with 10 years of professional experience on average, specialize in particular areas of tax, accounting and law.{:ru}M\u016bs\u0173 ekspertai patyr\u0119 profesionalai, kurie pecializuojasi pagal atskiras mokes\u010di\u0173, apskaitos ir teis\u0117s konsultacij\u0173 sritis. Susisiekite su mumis dabar!{:}","breadcrumb":{"@id":"https:\/\/taxcube.lt\/experts\/#breadcrumb"},"inLanguage":"en-US","potentialAction":[{"@type":"ReadAction","target":["https:\/\/taxcube.lt\/experts\/"]}]},{"@type":"ImageObject","inLanguage":"en-US","@id":"https:\/\/taxcube.lt\/experts\/#primaryimage","url":"https:\/\/taxcube.lt\/wp-content\/uploads\/2016\/01\/1170_0004_EKSPERTAI.jpg","contentUrl":"https:\/\/taxcube.lt\/wp-content\/uploads\/2016\/01\/1170_0004_EKSPERTAI.jpg","width":1170,"height":170,"caption":"mokes\u010di\u0173 ekspertai"},{"@type":"BreadcrumbList","@id":"https:\/\/taxcube.lt\/experts\/#breadcrumb","itemListElement":[{"@type":"ListItem","position":1,"name":"Home","item":"https:\/\/taxcube.lt\/en\/"},{"@type":"ListItem","position":2,"name":"Ekspertai"}]},{"@type":"WebSite","@id":"https:\/\/taxcube.lt\/en\/#website","url":"https:\/\/taxcube.lt\/en\/","name":"TaxCube","description":"TaxCube","publisher":{"@id":"https:\/\/taxcube.lt\/en\/#organization"},"potentialAction":[{"@type":"SearchAction","target":{"@type":"EntryPoint","urlTemplate":"https:\/\/taxcube.lt\/en\/?s={search_term_string}"},"query-input":{"@type":"PropertyValueSpecification","valueRequired":true,"valueName":"search_term_string"}}],"inLanguage":"en-US"},{"@type":"Organization","@id":"https:\/\/taxcube.lt\/en\/#organization","name":"TaxCube, UAB","url":"https:\/\/taxcube.lt\/en\/","logo":{"@type":"ImageObject","inLanguage":"en-US","@id":"https:\/\/taxcube.lt\/en\/#\/schema\/logo\/image\/","url":"https:\/\/taxcube.lt\/wp-content\/uploads\/2015\/11\/logo.png","contentUrl":"https:\/\/taxcube.lt\/wp-content\/uploads\/2015\/11\/logo.png","width":86,"height":97,"caption":"TaxCube, UAB"},"image":{"@id":"https:\/\/taxcube.lt\/en\/#\/schema\/logo\/image\/"},"sameAs":["https:\/\/www.facebook.com\/taxcube","https:\/\/www.linkedin.com\/company\/taxcube-uab"]}]}},"wps_subtitle":"","_links":{"self":[{"href":"https:\/\/taxcube.lt\/en\/wp-json\/wp\/v2\/pages\/29","targetHints":{"allow":["GET"]}}],"collection":[{"href":"https:\/\/taxcube.lt\/en\/wp-json\/wp\/v2\/pages"}],"about":[{"href":"https:\/\/taxcube.lt\/en\/wp-json\/wp\/v2\/types\/page"}],"author":[{"embeddable":true,"href":"https:\/\/taxcube.lt\/en\/wp-json\/wp\/v2\/users\/1"}],"replies":[{"embeddable":true,"href":"https:\/\/taxcube.lt\/en\/wp-json\/wp\/v2\/comments?post=29"}],"version-history":[{"count":1,"href":"https:\/\/taxcube.lt\/en\/wp-json\/wp\/v2\/pages\/29\/revisions"}],"predecessor-version":[{"id":1658,"href":"https:\/\/taxcube.lt\/en\/wp-json\/wp\/v2\/pages\/29\/revisions\/1658"}],"wp:featuredmedia":[{"embeddable":true,"href":"https:\/\/taxcube.lt\/en\/wp-json\/wp\/v2\/media\/1272"}],"wp:attachment":[{"href":"https:\/\/taxcube.lt\/en\/wp-json\/wp\/v2\/media?parent=29"}],"curies":[{"name":"wp","href":"https:\/\/api.w.org\/{rel}","templated":true}]}}