{"id":638,"date":"2015-12-06T18:28:28","date_gmt":"2015-12-06T18:28:28","guid":{"rendered":"https:\/\/taxcube.lt\/?page_id=638"},"modified":"2018-12-10T13:07:24","modified_gmt":"2018-12-10T10:07:24","slug":"puslapio-medis","status":"publish","type":"page","link":"https:\/\/taxcube.lt\/en\/puslapio-medis\/","title":{"rendered":"Site Map"},"content":{"rendered":"<div class=\"wsp-container\"><h2 class=\"wsp-pages-title\">Pages<\/h2>\n<ul class=\"wsp-pages-list\">\n<li class=\"page_item page-item-122168\"><a href=\"https:\/\/taxcube.lt\/en\/join-us\/\">Financial Analyst<\/a><\/li>\n<li class=\"page_item page-item-122235\"><a href=\"https:\/\/taxcube.lt\/en\/for-sale\/\">For sale<\/a><\/li>\n<li class=\"page_item page-item-122219\"><a href=\"https:\/\/taxcube.lt\/en\/paid-financial-analyts-internship\/\">PAID TAX INTERNSHIP<\/a><\/li>\n<li class=\"page_item page-item-122203\"><a href=\"https:\/\/taxcube.lt\/en\/tax-internship\/\">PAID TAX INTERNSHIP<\/a><\/li>\n<li class=\"page_item page-item-740\"><a href=\"https:\/\/taxcube.lt\/en\/\">About us<\/a><\/li>\n<li class=\"page_item page-item-12\"><a href=\"https:\/\/taxcube.lt\/en\/services\/\">Services<\/a><\/li>\n<li class=\"page_item page-item-14\"><a href=\"https:\/\/taxcube.lt\/en\/industries\/\">Industries<\/a><\/li>\n<li class=\"page_item page-item-29\"><a href=\"https:\/\/taxcube.lt\/en\/experts\/\">Experts<\/a><\/li>\n<li class=\"page_item page-item-16\"><a href=\"https:\/\/taxcube.lt\/en\/publikacijos\/\">Publications<\/a><\/li>\n<li class=\"page_item page-item-18\"><a href=\"https:\/\/taxcube.lt\/en\/career\/\">Career<\/a><\/li>\n<li class=\"page_item page-item-20\"><a href=\"https:\/\/taxcube.lt\/en\/contacts\/\">Contacts<\/a><\/li>\n<li class=\"page_item page-item-122243\"><a href=\"https:\/\/taxcube.lt\/en\/kontaktai-2\/\">Contacts<\/a><\/li>\n<li class=\"page_item page-item-8\"><a href=\"https:\/\/taxcube.lt\/en\/svetaines-naudojimosi-salygos\/\">Terms of use<\/a><\/li>\n<li class=\"page_item page-item-678\"><a href=\"https:\/\/taxcube.lt\/en\/beps-projektas\/\">BEPS project<\/a><\/li>\n<li class=\"page_item page-item-680\"><a href=\"https:\/\/taxcube.lt\/en\/i-mas-programa\/\">i.MAS program<\/a><\/li>\n<li class=\"page_item page-item-1039\"><a href=\"https:\/\/taxcube.lt\/en\/no-win-no-fee-kainodara\/\">\u201eNo win \u2013 no fee\u201c pricing<\/a><\/li>\n<li class=\"page_item page-item-1051\"><a href=\"https:\/\/taxcube.lt\/en\/sandoriu-tarp-asocijuotu-asmenu-kainodaros-prievoles\/\">Transfer pricing obligations<\/a><\/li>\n<li class=\"page_item page-item-1054\"><a href=\"https:\/\/taxcube.lt\/en\/sandoriu-tarp-asocijuotu-asmenu-sankcijos\/\">Sanctions on transactions between associated persons<\/a><\/li>\n<li class=\"page_item page-item-638\"><a href=\"https:\/\/taxcube.lt\/en\/puslapio-medis\/\">Site Map<\/a><\/li>\n<li class=\"page_item page-item-889\"><a href=\"https:\/\/taxcube.lt\/en\/paieska\/\">Search<\/a><\/li>\n<\/ul>\n<h2 class=\"wsp-ekspertais-title\">Ekspertai<\/h2>\n<ul class=\"wsp-ekspertais-list\">\n<li><a href=\"https:\/\/taxcube.lt\/en\/ekspertai\/alina-ulinauskiene\/\">Alina Ulinauskien\u0117<\/a><\/li>\n<li><a href=\"https:\/\/taxcube.lt\/en\/ekspertai\/andrius-andrikonis\/\">Andrius Andrikonis<\/a><\/li>\n<li><a href=\"https:\/\/taxcube.lt\/en\/ekspertai\/ramunas-plausinis\/\">Ram\u016bnas Plau\u0161inis<\/a><\/li>\n<li><a href=\"https:\/\/taxcube.lt\/en\/ekspertai\/milda-miseviciene\/\">Milda Misevi\u010dien\u0117<\/a><\/li>\n<li><a href=\"https:\/\/taxcube.lt\/en\/ekspertai\/rasa-jotautaite\/\">Rasa Jotautait\u0117<\/a><\/li>\n<li><a href=\"https:\/\/taxcube.lt\/en\/ekspertai\/inesa-baranauskiene\/\">Inesa Baranauskien\u0117<\/a><\/li>\n<li><a href=\"https:\/\/taxcube.lt\/en\/ekspertai\/ruta-zebiene\/\">R\u016bta \u017d\u0117bien\u0117<\/a><\/li>\n<\/ul>\n<h2 class=\"wsp-paslaugoss-title\">Paslaugos<\/h2>\n<ul class=\"wsp-paslaugoss-list\">\n<li><a href=\"https:\/\/taxcube.lt\/en\/paslaugos\/tax-services\/\">Tax services<\/a><\/li>\n<li><a href=\"https:\/\/taxcube.lt\/en\/paslaugos\/tax-services\/mokesciu-konsultacijos\/\">Tax consultations<\/a><\/li>\n<li><a href=\"https:\/\/taxcube.lt\/en\/paslaugos\/tax-services\/atstovavimas-kontroliuojanciose-institucijose\/\">Representation and tax disputes<\/a><\/li>\n<li><a href=\"https:\/\/taxcube.lt\/en\/paslaugos\/tax-services\/mokesciu-optimizavimas\/\">Tax optimization projects<\/a><\/li>\n<li><a href=\"https:\/\/taxcube.lt\/en\/paslaugos\/tax-services\/imoniu-reorganizavimas-ir-pertvarkymas\/\">Corporate reorganizations and restructurings<\/a><\/li>\n<li><a href=\"https:\/\/taxcube.lt\/en\/paslaugos\/tax-services\/mokesciu-perziuros\/\">Tax reviews, due diligences<\/a><\/li>\n<li><a href=\"https:\/\/taxcube.lt\/en\/paslaugos\/tax-services\/sandoriu-kainodara\/\">Transfer pricing services<\/a><\/li>\n<li><a href=\"https:\/\/taxcube.lt\/en\/paslaugos\/tax-services\/mokesciu-moketoju-pvm-registravimas\/\">Tax registrations<\/a><\/li>\n<li><a href=\"https:\/\/taxcube.lt\/en\/paslaugos\/tax-services\/mokesciu-deklaravimo-paslaugos\/\">Tax compliance services<\/a><\/li>\n<li><a href=\"https:\/\/taxcube.lt\/en\/paslaugos\/accounting-services\/\">Accounting services<\/a><\/li>\n<li><a href=\"https:\/\/taxcube.lt\/en\/paslaugos\/saf-t-ir-i-mas-paslaugos\/\">SAF-T and i.MAS services<\/a><\/li>\n<li><a href=\"https:\/\/taxcube.lt\/en\/paslaugos\/saf-t-ir-i-mas-paslaugos\/saf-t-rinkmena\/\">SAF-T file<\/a><\/li>\n<li><a href=\"https:\/\/taxcube.lt\/en\/paslaugos\/saf-t-ir-i-mas-paslaugos\/saf-t-reikalavimai\/\">SAF-T requirements<\/a><\/li>\n<li><a href=\"https:\/\/taxcube.lt\/en\/paslaugos\/saf-t-ir-i-mas-paslaugos\/saf-t-diegimas\/\">SAF-T generation<\/a><\/li>\n<li><a href=\"https:\/\/taxcube.lt\/en\/paslaugos\/saf-t-ir-i-mas-paslaugos\/saf-t-formatas\/\">SAF-T assessment services<\/a><\/li>\n<li><a href=\"https:\/\/taxcube.lt\/en\/paslaugos\/saf-t-ir-i-mas-paslaugos\/apskaitos-duomenu-e-audito-paslaugos\/\">Accounting data e-audit services<\/a><\/li>\n<\/ul>\n<h2 class=\"wsp-ukio_sektoriais-title\">\u016akio sektoriai<\/h2>\n<ul class=\"wsp-ukio_sektoriais-list\">\n<li><a href=\"https:\/\/taxcube.lt\/en\/ukio_sektoriai\/bankai-ir-kitos-finansu-istaigos\/\">Banks and other financial institutions<\/a><\/li>\n<li><a href=\"https:\/\/taxcube.lt\/en\/ukio_sektoriai\/draudimo-bendroves\/\">Insurance companies<\/a><\/li>\n<li><a href=\"https:\/\/taxcube.lt\/en\/ukio_sektoriai\/energetikos-bendroves\/\">Energy companies<\/a><\/li>\n<li><a href=\"https:\/\/taxcube.lt\/en\/ukio_sektoriai\/farmacijos-bendroves\/\">Pharmaceutical companies<\/a><\/li>\n<li><a href=\"https:\/\/taxcube.lt\/en\/ukio_sektoriai\/gamybos-imones-3\/\">Manufacturing companies<\/a><\/li>\n<li><a href=\"https:\/\/taxcube.lt\/en\/ukio_sektoriai\/informaciniu-technologiju-imones\/\">IT companies<\/a><\/li>\n<li><a href=\"https:\/\/taxcube.lt\/en\/ukio_sektoriai\/kitos-bendroves\/\">Other companies<\/a><\/li>\n<li><a href=\"https:\/\/taxcube.lt\/en\/ukio_sektoriai\/prekybos-imones\/\">Trading companies<\/a><\/li>\n<li><a href=\"https:\/\/taxcube.lt\/en\/ukio_sektoriai\/telekomunikaciju-ir-komunaliniu-paslaugu-imones\/\">Telecommunication companies<\/a><\/li>\n<li><a href=\"https:\/\/taxcube.lt\/en\/ukio_sektoriai\/susisiekimo-transporto-ir-logistikos-paslaugu-bendroves\/\">Transportation and logistics companies<\/a><\/li>\n<li><a href=\"https:\/\/taxcube.lt\/en\/ukio_sektoriai\/zemes-ukio-bendroves\/\">Agricultural companies<\/a><\/li>\n<\/ul>\n<h2 class=\"wsp-single_publikacijoss-title\">Publikacijos<\/h2>\n<ul class=\"wsp-single_publikacijoss-list\">\n<li><a href=\"https:\/\/taxcube.lt\/en\/single_publikacijos\/mb-vadovams-didina-pajamu-mokescio-tarifa-taciau-nasta-vis-tiek-bus-mazesne\/\">(LT) MB vadovams didina pajam\u0173 mokes\u010dio tarif\u0105, ta\u010diau na\u0161ta vis tiek bus ma\u017eesn\u0117<\/a><\/li>\n<li><a href=\"https:\/\/taxcube.lt\/en\/single_publikacijos\/mokesciu-nasta-keiciasi-visiems-smulkiems-verslams-kokios-naujoves-laukia\/\">(LT) Mokes\u010di\u0173 na\u0161ta kei\u010diasi visiems smulkiems verslams: kokios naujov\u0117s laukia<\/a><\/li>\n<li><a href=\"https:\/\/taxcube.lt\/en\/single_publikacijos\/nt-nuomos-verslas-kada-verta-steigti-bendrove\/\">(LT) NT nuomos verslas: kada verta steigti bendrov\u0119<\/a><\/li>\n<li><a href=\"https:\/\/taxcube.lt\/en\/single_publikacijos\/darbo-uzmokestis-ar-dividendai-mokesciu-nasta-skiriasi-ne-tiek-daug-placiau-https-www-vz-lt-finansai-apskaita-2018-03-12-darbo-uzmokestis-ar-dividendai-mokesciu-nasta-skiriasi-ne-tiek-d\/\">(LT) Darbo u\u017emokestis ar dividendai \u2013 mokes\u010di\u0173 na\u0161ta skiriasi ne tiek daug<\/a><\/li>\n<li><a href=\"https:\/\/taxcube.lt\/en\/single_publikacijos\/estt-sprendimas-vercia-pertvarkyti-paslaugu-centrus\/\">(LT) ESTT sprendimas ver\u010dia pertvarkyti paslaug\u0173 centrus<\/a><\/li>\n<li><a href=\"https:\/\/taxcube.lt\/en\/single_publikacijos\/ekspeditoriu-laukia-neigiamo-pinigu-srauto-banga\/\">(LT) Ekspeditori\u0173 laukia neigiamo pinig\u0173 srauto banga<\/a><\/li>\n<li><a href=\"https:\/\/taxcube.lt\/en\/single_publikacijos\/ekspertai-apie-mokesciu-pertvarka-kas-naudinga-kas-keblu\/\">(LT) Ekspertai apie mokes\u010di\u0173 pertvark\u0105: kas naudinga, kas keblu<\/a><\/li>\n<li><a href=\"https:\/\/taxcube.lt\/en\/single_publikacijos\/kai-pvm-moketojai-veluoja-pateikti-saskaitu-registrus\/\">(LT) Kai\u00a0PVM mok\u0117tojai v\u0117luoja pateikti s\u0105skait\u0173 registrus<\/a><\/li>\n<li><a href=\"https:\/\/taxcube.lt\/en\/single_publikacijos\/saskaitoje-isskyrus-pusrycius-mazeja-dienpinigiai\/\">(LT) S\u0105skaitoje i\u0161skyrus pusry\u010dius, ma\u017e\u0117ja dienpinigiai<\/a><\/li>\n<li><a href=\"https:\/\/taxcube.lt\/en\/single_publikacijos\/po-mas-starto-igaliojimu-darbuotojams-revizija\/\">(LT) Po i.MAS starto - \u012fgaliojim\u0173 darbuotojams revizija<\/a><\/li>\n<li><a href=\"https:\/\/taxcube.lt\/en\/single_publikacijos\/pvm-saskaitu-fakturu-registru-duomenu-teikimas-saf-startavo\/\">(LT) PVM s\u0105skait\u0173 fakt\u016br\u0173 registr\u0173 duomen\u0173 teikimo formatas<\/a><\/li>\n<li><a href=\"https:\/\/taxcube.lt\/en\/single_publikacijos\/nuo-spalio-1-d-lietuvoje-prasidejo-vaztarasciu-era\/\">(LT) Nuo spalio 1 d. Lietuvoje prasid\u0117jo va\u017etara\u0161\u010di\u0173 era<\/a><\/li>\n<li><a href=\"https:\/\/taxcube.lt\/en\/single_publikacijos\/vmi-audito-rinkmenoje-gerokai-isplete-pvm-klasifikatoriu\/\">(LT) VMI audito rinkmenoje gerokai i\u0161pl\u0117t\u0117 PVM klasifikatori\u0173<\/a><\/li>\n<li><a href=\"https:\/\/taxcube.lt\/en\/single_publikacijos\/pirmasis-pluostas-pvm-moketoju-saskaitu-vmi-pasieks-lapkriti\/\">(LT) Pirmasis pluo\u0161tas PVM mok\u0117toj\u0173 s\u0105skait\u0173 VMI pasieks lapkrit\u012f<\/a><\/li>\n<li><a href=\"https:\/\/taxcube.lt\/en\/single_publikacijos\/httpvz-ltvadybafinansai-apskaita20160303paskelbe-nauja-pvm-registru-teikimo-vmi-projekta\/\">(LT) Paskelb\u0117 nauj\u0105 PVM s\u0105skait\u0173 fakt\u016br\u0173 registr\u0173 teikimo VMI projekt\u0105<\/a><\/li>\n<li><a href=\"https:\/\/taxcube.lt\/en\/single_publikacijos\/vmi-del-e-vaztarasciu-sulauke-100-pastabu-daro-pakeitimus\/\">(LT) VMI d\u0117l e. va\u017etara\u0161\u010di\u0173 sulauk\u0117 100 pastab\u0173, daro pakeitimus<\/a><\/li>\n<li><a href=\"https:\/\/taxcube.lt\/en\/single_publikacijos\/apie-800-gyventoju-be-reikalo-sumokejo-nt-mokesti\/\">(LT) Apie 800 gyventoj\u0173 be reikalo sumok\u0117jo NT mokest\u012f<\/a><\/li>\n<li><a href=\"https:\/\/taxcube.lt\/en\/single_publikacijos\/nuo-balandzio-1-d-griezteja-atsakomybe-uz-sandoriu-tarp-asocijuotu-asmenu-kainodaros-dokumentavimo-tvarkos-nesilaikyma\/\">(LT) Grie\u017et\u0117ja atsakomyb\u0117 u\u017e kainodaros dokumentavimo tvarkos nesilaikym\u0105<\/a><\/li>\n<li><a href=\"https:\/\/taxcube.lt\/en\/single_publikacijos\/transfer-pricing-associated-parties\/\">Transfer pricing between associated parties<\/a><\/li>\n<li><a href=\"https:\/\/taxcube.lt\/en\/single_publikacijos\/galima-bus-rinktis-tarp-popierinio-ir-e-vaztarascio\/\">(LT) Galima bus rinktis tarp popierinio ir e. va\u017etara\u0161\u010dio<\/a><\/li>\n<li><a href=\"https:\/\/taxcube.lt\/en\/single_publikacijos\/paskelbe-vaztarasciu-teikimo-vmi-projekta\/\">(LT) Paskelb\u0117 va\u017etara\u0161\u010di\u0173 duomen\u0173 teikimo VMI projekt\u0105<\/a><\/li>\n<li><a href=\"https:\/\/taxcube.lt\/en\/single_publikacijos\/mazieji-pvm-saskaitu-fakturu-registrus-vmi-teiks-kas-pusmeti\/\">(LT) Ma\u017eieji PVM s\u0105skait\u0173 fakt\u016br\u0173 registrus VMI teiks kas pusmet\u012f<\/a><\/li>\n<li><a href=\"https:\/\/taxcube.lt\/en\/single_publikacijos\/paskelbe-pvm-saskaitu-registru-teikimo-vmi-projektus\/\">(LT) Paskelb\u0117 PVM s\u0105skait\u0173 registr\u0173 teikimo VMI projektus<\/a><\/li>\n<li><a href=\"https:\/\/taxcube.lt\/en\/single_publikacijos\/transfer-pricing-associated-parties-2\/\">(LT) Sandori\u0173 tarp asocijuot\u0173 asmen\u0173 kainodara<\/a><\/li>\n<li><a href=\"https:\/\/taxcube.lt\/en\/single_publikacijos\/tarptautine-mokesciu-sistema-ir-beps-20151222\/\">(LT) Tarptautin\u0117 mokes\u010di\u0173 sistema ir BEPS<\/a><\/li>\n<\/ul>\n<\/div>\n","protected":false},"excerpt":{"rendered":"","protected":false},"author":1,"featured_media":1319,"parent":0,"menu_order":26,"comment_status":"closed","ping_status":"closed","template":"","meta":{"footnotes":""},"class_list":["post-638","page","type-page","status-publish","has-post-thumbnail","hentry"],"yoast_head":"<!-- This site is optimized with the Yoast SEO plugin v27.3 - https:\/\/yoast.com\/product\/yoast-seo-wordpress\/ -->\n<title>Site Map &#8212; TaxCube<\/title>\n<meta name=\"robots\" content=\"index, follow, max-snippet:-1, max-image-preview:large, max-video-preview:-1\" \/>\n<link rel=\"canonical\" href=\"https:\/\/taxcube.lt\/puslapio-medis\/\" \/>\n<meta property=\"og:locale\" content=\"en_US\" \/>\n<meta property=\"og:type\" content=\"article\" \/>\n<meta property=\"og:title\" content=\"Site Map &#8212; TaxCube\" \/>\n<meta property=\"og:url\" content=\"https:\/\/taxcube.lt\/puslapio-medis\/\" \/>\n<meta property=\"og:site_name\" content=\"TaxCube\" \/>\n<meta property=\"article:publisher\" content=\"https:\/\/www.facebook.com\/taxcube\" \/>\n<meta property=\"article:modified_time\" content=\"2018-12-10T10:07:24+00:00\" \/>\n<meta property=\"og:image\" content=\"https:\/\/taxcube.lt\/wp-content\/uploads\/2015\/12\/1170_0000_SVETAINES-MEDIS2.jpg\" \/>\n\t<meta property=\"og:image:width\" content=\"1170\" \/>\n\t<meta property=\"og:image:height\" content=\"170\" \/>\n\t<meta property=\"og:image:type\" content=\"image\/jpeg\" \/>\n<meta name=\"twitter:card\" content=\"summary_large_image\" \/>\n<script type=\"application\/ld+json\" class=\"yoast-schema-graph\">{\"@context\":\"https:\\\/\\\/schema.org\",\"@graph\":[{\"@type\":\"WebPage\",\"@id\":\"https:\\\/\\\/taxcube.lt\\\/puslapio-medis\\\/\",\"url\":\"https:\\\/\\\/taxcube.lt\\\/puslapio-medis\\\/\",\"name\":\"Site Map &#8212; TaxCube\",\"isPartOf\":{\"@id\":\"https:\\\/\\\/taxcube.lt\\\/en\\\/#website\"},\"primaryImageOfPage\":{\"@id\":\"https:\\\/\\\/taxcube.lt\\\/puslapio-medis\\\/#primaryimage\"},\"image\":{\"@id\":\"https:\\\/\\\/taxcube.lt\\\/puslapio-medis\\\/#primaryimage\"},\"thumbnailUrl\":\"https:\\\/\\\/taxcube.lt\\\/wp-content\\\/uploads\\\/2015\\\/12\\\/1170_0000_SVETAINES-MEDIS2.jpg\",\"datePublished\":\"2015-12-06T18:28:28+00:00\",\"dateModified\":\"2018-12-10T10:07:24+00:00\",\"breadcrumb\":{\"@id\":\"https:\\\/\\\/taxcube.lt\\\/puslapio-medis\\\/#breadcrumb\"},\"inLanguage\":\"en-US\",\"potentialAction\":[{\"@type\":\"ReadAction\",\"target\":[\"https:\\\/\\\/taxcube.lt\\\/puslapio-medis\\\/\"]}]},{\"@type\":\"ImageObject\",\"inLanguage\":\"en-US\",\"@id\":\"https:\\\/\\\/taxcube.lt\\\/puslapio-medis\\\/#primaryimage\",\"url\":\"https:\\\/\\\/taxcube.lt\\\/wp-content\\\/uploads\\\/2015\\\/12\\\/1170_0000_SVETAINES-MEDIS2.jpg\",\"contentUrl\":\"https:\\\/\\\/taxcube.lt\\\/wp-content\\\/uploads\\\/2015\\\/12\\\/1170_0000_SVETAINES-MEDIS2.jpg\",\"width\":1170,\"height\":170},{\"@type\":\"BreadcrumbList\",\"@id\":\"https:\\\/\\\/taxcube.lt\\\/puslapio-medis\\\/#breadcrumb\",\"itemListElement\":[{\"@type\":\"ListItem\",\"position\":1,\"name\":\"Home\",\"item\":\"https:\\\/\\\/taxcube.lt\\\/en\\\/\"},{\"@type\":\"ListItem\",\"position\":2,\"name\":\"Puslapio medis\"}]},{\"@type\":\"WebSite\",\"@id\":\"https:\\\/\\\/taxcube.lt\\\/en\\\/#website\",\"url\":\"https:\\\/\\\/taxcube.lt\\\/en\\\/\",\"name\":\"TaxCube\",\"description\":\"TaxCube\",\"publisher\":{\"@id\":\"https:\\\/\\\/taxcube.lt\\\/en\\\/#organization\"},\"potentialAction\":[{\"@type\":\"SearchAction\",\"target\":{\"@type\":\"EntryPoint\",\"urlTemplate\":\"https:\\\/\\\/taxcube.lt\\\/en\\\/?s={search_term_string}\"},\"query-input\":{\"@type\":\"PropertyValueSpecification\",\"valueRequired\":true,\"valueName\":\"search_term_string\"}}],\"inLanguage\":\"en-US\"},{\"@type\":\"Organization\",\"@id\":\"https:\\\/\\\/taxcube.lt\\\/en\\\/#organization\",\"name\":\"TaxCube, UAB\",\"url\":\"https:\\\/\\\/taxcube.lt\\\/en\\\/\",\"logo\":{\"@type\":\"ImageObject\",\"inLanguage\":\"en-US\",\"@id\":\"https:\\\/\\\/taxcube.lt\\\/en\\\/#\\\/schema\\\/logo\\\/image\\\/\",\"url\":\"https:\\\/\\\/taxcube.lt\\\/wp-content\\\/uploads\\\/2015\\\/11\\\/logo.png\",\"contentUrl\":\"https:\\\/\\\/taxcube.lt\\\/wp-content\\\/uploads\\\/2015\\\/11\\\/logo.png\",\"width\":86,\"height\":97,\"caption\":\"TaxCube, UAB\"},\"image\":{\"@id\":\"https:\\\/\\\/taxcube.lt\\\/en\\\/#\\\/schema\\\/logo\\\/image\\\/\"},\"sameAs\":[\"https:\\\/\\\/www.facebook.com\\\/taxcube\",\"https:\\\/\\\/www.linkedin.com\\\/company\\\/taxcube-uab\"]}]}<\/script>\n<!-- \/ Yoast SEO plugin. -->","yoast_head_json":{"title":"Site Map &#8212; TaxCube","robots":{"index":"index","follow":"follow","max-snippet":"max-snippet:-1","max-image-preview":"max-image-preview:large","max-video-preview":"max-video-preview:-1"},"canonical":"https:\/\/taxcube.lt\/puslapio-medis\/","og_locale":"en_US","og_type":"article","og_title":"Site Map &#8212; TaxCube","og_url":"https:\/\/taxcube.lt\/puslapio-medis\/","og_site_name":"TaxCube","article_publisher":"https:\/\/www.facebook.com\/taxcube","article_modified_time":"2018-12-10T10:07:24+00:00","og_image":[{"width":1170,"height":170,"url":"https:\/\/taxcube.lt\/wp-content\/uploads\/2015\/12\/1170_0000_SVETAINES-MEDIS2.jpg","type":"image\/jpeg"}],"twitter_card":"summary_large_image","schema":{"@context":"https:\/\/schema.org","@graph":[{"@type":"WebPage","@id":"https:\/\/taxcube.lt\/puslapio-medis\/","url":"https:\/\/taxcube.lt\/puslapio-medis\/","name":"Site Map &#8212; TaxCube","isPartOf":{"@id":"https:\/\/taxcube.lt\/en\/#website"},"primaryImageOfPage":{"@id":"https:\/\/taxcube.lt\/puslapio-medis\/#primaryimage"},"image":{"@id":"https:\/\/taxcube.lt\/puslapio-medis\/#primaryimage"},"thumbnailUrl":"https:\/\/taxcube.lt\/wp-content\/uploads\/2015\/12\/1170_0000_SVETAINES-MEDIS2.jpg","datePublished":"2015-12-06T18:28:28+00:00","dateModified":"2018-12-10T10:07:24+00:00","breadcrumb":{"@id":"https:\/\/taxcube.lt\/puslapio-medis\/#breadcrumb"},"inLanguage":"en-US","potentialAction":[{"@type":"ReadAction","target":["https:\/\/taxcube.lt\/puslapio-medis\/"]}]},{"@type":"ImageObject","inLanguage":"en-US","@id":"https:\/\/taxcube.lt\/puslapio-medis\/#primaryimage","url":"https:\/\/taxcube.lt\/wp-content\/uploads\/2015\/12\/1170_0000_SVETAINES-MEDIS2.jpg","contentUrl":"https:\/\/taxcube.lt\/wp-content\/uploads\/2015\/12\/1170_0000_SVETAINES-MEDIS2.jpg","width":1170,"height":170},{"@type":"BreadcrumbList","@id":"https:\/\/taxcube.lt\/puslapio-medis\/#breadcrumb","itemListElement":[{"@type":"ListItem","position":1,"name":"Home","item":"https:\/\/taxcube.lt\/en\/"},{"@type":"ListItem","position":2,"name":"Puslapio medis"}]},{"@type":"WebSite","@id":"https:\/\/taxcube.lt\/en\/#website","url":"https:\/\/taxcube.lt\/en\/","name":"TaxCube","description":"TaxCube","publisher":{"@id":"https:\/\/taxcube.lt\/en\/#organization"},"potentialAction":[{"@type":"SearchAction","target":{"@type":"EntryPoint","urlTemplate":"https:\/\/taxcube.lt\/en\/?s={search_term_string}"},"query-input":{"@type":"PropertyValueSpecification","valueRequired":true,"valueName":"search_term_string"}}],"inLanguage":"en-US"},{"@type":"Organization","@id":"https:\/\/taxcube.lt\/en\/#organization","name":"TaxCube, UAB","url":"https:\/\/taxcube.lt\/en\/","logo":{"@type":"ImageObject","inLanguage":"en-US","@id":"https:\/\/taxcube.lt\/en\/#\/schema\/logo\/image\/","url":"https:\/\/taxcube.lt\/wp-content\/uploads\/2015\/11\/logo.png","contentUrl":"https:\/\/taxcube.lt\/wp-content\/uploads\/2015\/11\/logo.png","width":86,"height":97,"caption":"TaxCube, UAB"},"image":{"@id":"https:\/\/taxcube.lt\/en\/#\/schema\/logo\/image\/"},"sameAs":["https:\/\/www.facebook.com\/taxcube","https:\/\/www.linkedin.com\/company\/taxcube-uab"]}]}},"wps_subtitle":"","_links":{"self":[{"href":"https:\/\/taxcube.lt\/en\/wp-json\/wp\/v2\/pages\/638","targetHints":{"allow":["GET"]}}],"collection":[{"href":"https:\/\/taxcube.lt\/en\/wp-json\/wp\/v2\/pages"}],"about":[{"href":"https:\/\/taxcube.lt\/en\/wp-json\/wp\/v2\/types\/page"}],"author":[{"embeddable":true,"href":"https:\/\/taxcube.lt\/en\/wp-json\/wp\/v2\/users\/1"}],"replies":[{"embeddable":true,"href":"https:\/\/taxcube.lt\/en\/wp-json\/wp\/v2\/comments?post=638"}],"version-history":[{"count":1,"href":"https:\/\/taxcube.lt\/en\/wp-json\/wp\/v2\/pages\/638\/revisions"}],"predecessor-version":[{"id":1731,"href":"https:\/\/taxcube.lt\/en\/wp-json\/wp\/v2\/pages\/638\/revisions\/1731"}],"wp:featuredmedia":[{"embeddable":true,"href":"https:\/\/taxcube.lt\/en\/wp-json\/wp\/v2\/media\/1319"}],"wp:attachment":[{"href":"https:\/\/taxcube.lt\/en\/wp-json\/wp\/v2\/media?parent=638"}],"curies":[{"name":"wp","href":"https:\/\/api.w.org\/{rel}","templated":true}]}}