{"id":740,"date":"2015-12-13T15:53:11","date_gmt":"2015-12-13T15:53:11","guid":{"rendered":"https:\/\/taxcube.lt\/?page_id=740"},"modified":"2017-10-20T19:59:59","modified_gmt":"2017-10-20T16:59:59","slug":"titulinis","status":"publish","type":"page","link":"https:\/\/taxcube.lt\/en\/","title":{"rendered":"About us"},"content":{"rendered":"<p><\/p>\n<h2>Our clients<\/h2>\n<p>TaxCube experts are trusted advisors to manufacturing and trading companies, insurance companies and financial institutions, energy and telecommunications companies, providers of professional services (audit companies, law firms) and others, who appreciate and give preference to professionalism, results and added value they create.<\/p>\n<p>We serve our Clients using specialized teams that already have experience in respective areas and industry sectors. This allows us to focus on specific needs of the Client right from the start rather than \u201clearn on the job\u201d.<\/p>","protected":false},"excerpt":{"rendered":"<p>Our clients TaxCube experts are trusted advisors to manufacturing and trading companies, insurance companies and financial institutions, energy and telecommunications companies, providers of professional services (audit companies, law firms) and others, who appreciate and give preference to professionalism, results and added value they create. We serve our Clients using specialized teams that already have experience [&hellip;]<\/p>\n","protected":false},"author":1,"featured_media":0,"parent":0,"menu_order":11,"comment_status":"closed","ping_status":"closed","template":"","meta":{"footnotes":""},"class_list":["post-740","page","type-page","status-publish","hentry"],"yoast_head":"<!-- This site is optimized with the Yoast SEO plugin v27.3 - https:\/\/yoast.com\/product\/yoast-seo-wordpress\/ -->\n<title>TaxCube<\/title>\n<meta name=\"description\" content=\"TaxCube are trusted experts of professional financial services, who appreciate and give preference to professionalism, results and added value.\" \/>\n<meta name=\"robots\" content=\"index, follow, max-snippet:-1, max-image-preview:large, max-video-preview:-1\" \/>\n<link rel=\"canonical\" href=\"https:\/\/taxcube.lt\/en\/\" \/>\n<meta property=\"og:locale\" content=\"en_US\" \/>\n<meta property=\"og:type\" content=\"article\" \/>\n<meta property=\"og:title\" content=\"TaxCube\" \/>\n<meta property=\"og:description\" content=\"Did\u017eiausia nepriklausoma specializuota mokes\u010di\u0173 konsultacij\u0173 bendrov\u0117 Lietuvoje, vienijanti vidutini\u0161kai 10 m. profesin\u0119 patirt\u012f turin\u010di\u0173 mokes\u010di\u0173, teis\u0117s ir apskaitos ekspert\u0173 komand\u0105.\" \/>\n<meta property=\"og:url\" content=\"https:\/\/taxcube.lt\/en\/\" \/>\n<meta property=\"og:site_name\" content=\"TaxCube\" \/>\n<meta property=\"article:publisher\" content=\"https:\/\/www.facebook.com\/taxcube\" \/>\n<meta property=\"article:modified_time\" content=\"2017-10-20T16:59:59+00:00\" \/>\n<meta property=\"og:image\" content=\"https:\/\/taxcube.lt\/wp-content\/uploads\/2015\/12\/Logo_FB.jpg\" \/>\n\t<meta property=\"og:image:width\" content=\"1200\" \/>\n\t<meta property=\"og:image:height\" content=\"628\" \/>\n\t<meta property=\"og:image:type\" content=\"image\/jpeg\" \/>\n<meta name=\"twitter:card\" content=\"summary_large_image\" \/>\n<meta name=\"twitter:label1\" content=\"Est. reading time\" \/>\n\t<meta name=\"twitter:data1\" content=\"1 minute\" \/>\n<script type=\"application\/ld+json\" class=\"yoast-schema-graph\">{\"@context\":\"https:\\\/\\\/schema.org\",\"@graph\":[{\"@type\":\"WebPage\",\"@id\":\"https:\\\/\\\/taxcube.lt\\\/en\\\/\",\"url\":\"https:\\\/\\\/taxcube.lt\\\/en\\\/\",\"name\":\"TaxCube\",\"isPartOf\":{\"@id\":\"https:\\\/\\\/taxcube.lt\\\/en\\\/#website\"},\"datePublished\":\"2015-12-13T15:53:11+00:00\",\"dateModified\":\"2017-10-20T16:59:59+00:00\",\"description\":\"TaxCube are trusted experts of professional financial services, who appreciate and give preference to professionalism, results and added value.\",\"breadcrumb\":{\"@id\":\"https:\\\/\\\/taxcube.lt\\\/en\\\/#breadcrumb\"},\"inLanguage\":\"en-US\",\"potentialAction\":[{\"@type\":\"ReadAction\",\"target\":[\"https:\\\/\\\/taxcube.lt\\\/en\\\/\"]}]},{\"@type\":\"BreadcrumbList\",\"@id\":\"https:\\\/\\\/taxcube.lt\\\/en\\\/#breadcrumb\",\"itemListElement\":[{\"@type\":\"ListItem\",\"position\":1,\"name\":\"Home\",\"item\":\"https:\\\/\\\/taxcube.lt\\\/en\\\/\"},{\"@type\":\"ListItem\",\"position\":2,\"name\":\"About us\"}]},{\"@type\":\"WebSite\",\"@id\":\"https:\\\/\\\/taxcube.lt\\\/en\\\/#website\",\"url\":\"https:\\\/\\\/taxcube.lt\\\/en\\\/\",\"name\":\"TaxCube\",\"description\":\"TaxCube\",\"publisher\":{\"@id\":\"https:\\\/\\\/taxcube.lt\\\/en\\\/#organization\"},\"potentialAction\":[{\"@type\":\"SearchAction\",\"target\":{\"@type\":\"EntryPoint\",\"urlTemplate\":\"https:\\\/\\\/taxcube.lt\\\/en\\\/?s={search_term_string}\"},\"query-input\":{\"@type\":\"PropertyValueSpecification\",\"valueRequired\":true,\"valueName\":\"search_term_string\"}}],\"inLanguage\":\"en-US\"},{\"@type\":\"Organization\",\"@id\":\"https:\\\/\\\/taxcube.lt\\\/en\\\/#organization\",\"name\":\"TaxCube, UAB\",\"url\":\"https:\\\/\\\/taxcube.lt\\\/en\\\/\",\"logo\":{\"@type\":\"ImageObject\",\"inLanguage\":\"en-US\",\"@id\":\"https:\\\/\\\/taxcube.lt\\\/en\\\/#\\\/schema\\\/logo\\\/image\\\/\",\"url\":\"https:\\\/\\\/taxcube.lt\\\/wp-content\\\/uploads\\\/2015\\\/11\\\/logo.png\",\"contentUrl\":\"https:\\\/\\\/taxcube.lt\\\/wp-content\\\/uploads\\\/2015\\\/11\\\/logo.png\",\"width\":86,\"height\":97,\"caption\":\"TaxCube, UAB\"},\"image\":{\"@id\":\"https:\\\/\\\/taxcube.lt\\\/en\\\/#\\\/schema\\\/logo\\\/image\\\/\"},\"sameAs\":[\"https:\\\/\\\/www.facebook.com\\\/taxcube\",\"https:\\\/\\\/www.linkedin.com\\\/company\\\/taxcube-uab\"]}]}<\/script>\n<!-- \/ Yoast SEO plugin. -->","yoast_head_json":{"title":"TaxCube","description":"TaxCube are trusted experts of professional financial services, who appreciate and give preference to professionalism, results and added value.","robots":{"index":"index","follow":"follow","max-snippet":"max-snippet:-1","max-image-preview":"max-image-preview:large","max-video-preview":"max-video-preview:-1"},"canonical":"https:\/\/taxcube.lt\/en\/","og_locale":"en_US","og_type":"article","og_title":"TaxCube","og_description":"Did\u017eiausia nepriklausoma specializuota mokes\u010di\u0173 konsultacij\u0173 bendrov\u0117 Lietuvoje, vienijanti vidutini\u0161kai 10 m. profesin\u0119 patirt\u012f turin\u010di\u0173 mokes\u010di\u0173, teis\u0117s ir apskaitos ekspert\u0173 komand\u0105.","og_url":"https:\/\/taxcube.lt\/en\/","og_site_name":"TaxCube","article_publisher":"https:\/\/www.facebook.com\/taxcube","article_modified_time":"2017-10-20T16:59:59+00:00","og_image":[{"width":1200,"height":628,"url":"https:\/\/taxcube.lt\/wp-content\/uploads\/2015\/12\/Logo_FB.jpg","type":"image\/jpeg"}],"twitter_card":"summary_large_image","twitter_misc":{"Est. reading time":"1 minute"},"schema":{"@context":"https:\/\/schema.org","@graph":[{"@type":"WebPage","@id":"https:\/\/taxcube.lt\/en\/","url":"https:\/\/taxcube.lt\/en\/","name":"TaxCube","isPartOf":{"@id":"https:\/\/taxcube.lt\/en\/#website"},"datePublished":"2015-12-13T15:53:11+00:00","dateModified":"2017-10-20T16:59:59+00:00","description":"TaxCube are trusted experts of professional financial services, who appreciate and give preference to professionalism, results and added value.","breadcrumb":{"@id":"https:\/\/taxcube.lt\/en\/#breadcrumb"},"inLanguage":"en-US","potentialAction":[{"@type":"ReadAction","target":["https:\/\/taxcube.lt\/en\/"]}]},{"@type":"BreadcrumbList","@id":"https:\/\/taxcube.lt\/en\/#breadcrumb","itemListElement":[{"@type":"ListItem","position":1,"name":"Home","item":"https:\/\/taxcube.lt\/en\/"},{"@type":"ListItem","position":2,"name":"About us"}]},{"@type":"WebSite","@id":"https:\/\/taxcube.lt\/en\/#website","url":"https:\/\/taxcube.lt\/en\/","name":"TaxCube","description":"TaxCube","publisher":{"@id":"https:\/\/taxcube.lt\/en\/#organization"},"potentialAction":[{"@type":"SearchAction","target":{"@type":"EntryPoint","urlTemplate":"https:\/\/taxcube.lt\/en\/?s={search_term_string}"},"query-input":{"@type":"PropertyValueSpecification","valueRequired":true,"valueName":"search_term_string"}}],"inLanguage":"en-US"},{"@type":"Organization","@id":"https:\/\/taxcube.lt\/en\/#organization","name":"TaxCube, UAB","url":"https:\/\/taxcube.lt\/en\/","logo":{"@type":"ImageObject","inLanguage":"en-US","@id":"https:\/\/taxcube.lt\/en\/#\/schema\/logo\/image\/","url":"https:\/\/taxcube.lt\/wp-content\/uploads\/2015\/11\/logo.png","contentUrl":"https:\/\/taxcube.lt\/wp-content\/uploads\/2015\/11\/logo.png","width":86,"height":97,"caption":"TaxCube, UAB"},"image":{"@id":"https:\/\/taxcube.lt\/en\/#\/schema\/logo\/image\/"},"sameAs":["https:\/\/www.facebook.com\/taxcube","https:\/\/www.linkedin.com\/company\/taxcube-uab"]}]}},"wps_subtitle":"","_links":{"self":[{"href":"https:\/\/taxcube.lt\/en\/wp-json\/wp\/v2\/pages\/740","targetHints":{"allow":["GET"]}}],"collection":[{"href":"https:\/\/taxcube.lt\/en\/wp-json\/wp\/v2\/pages"}],"about":[{"href":"https:\/\/taxcube.lt\/en\/wp-json\/wp\/v2\/types\/page"}],"author":[{"embeddable":true,"href":"https:\/\/taxcube.lt\/en\/wp-json\/wp\/v2\/users\/1"}],"replies":[{"embeddable":true,"href":"https:\/\/taxcube.lt\/en\/wp-json\/wp\/v2\/comments?post=740"}],"version-history":[{"count":0,"href":"https:\/\/taxcube.lt\/en\/wp-json\/wp\/v2\/pages\/740\/revisions"}],"wp:attachment":[{"href":"https:\/\/taxcube.lt\/en\/wp-json\/wp\/v2\/media?parent=740"}],"curies":[{"name":"wp","href":"https:\/\/api.w.org\/{rel}","templated":true}]}}