{"id":916,"date":"2015-12-18T13:56:18","date_gmt":"2015-12-18T13:56:18","guid":{"rendered":"https:\/\/taxcube.lt\/?page_id=916"},"modified":"2016-02-04T12:31:15","modified_gmt":"2016-02-04T12:31:15","slug":"pvm-susigrazinimas","status":"publish","type":"page","link":"https:\/\/taxcube.lt\/en\/pvm-susigrazinimas\/","title":{"rendered":"(LT) PVM susigr\u0105\u017einimas"},"content":{"rendered":"<p class=\"qtranxs-available-languages-message qtranxs-available-languages-message-en\">Sorry, this entry is only available in <a href=\"https:\/\/taxcube.lt\/lt\/wp-json\/wp\/v2\/pages\/916\" class=\"qtranxs-available-language-link qtranxs-available-language-link-lt\" title=\"LT\">LT<\/a>.<\/p>","protected":false},"excerpt":{"rendered":"<p>Sorry, this entry is only available in LT.<\/p>\n","protected":false},"author":1,"featured_media":1318,"parent":0,"menu_order":25,"comment_status":"closed","ping_status":"closed","template":"","meta":{"footnotes":""},"class_list":["post-916","page","type-page","status-publish","has-post-thumbnail","hentry"],"yoast_head":"<!-- This site is optimized with the Yoast SEO plugin v27.3 - https:\/\/yoast.com\/product\/yoast-seo-wordpress\/ -->\n<title>(LT) PVM susigr\u0105\u017einimas &#8212; TaxCube<\/title>\n<meta name=\"description\" content=\"PVM susigr\u0105\u017einimas statybos sektoriuje - kaip apskai\u010diuojama\u00a0u\u017e konkret\u0173 m\u0117nes\u012f\u00a0gr\u0105\u017eintina PVM suma ir \u012f k\u0105 dar\u00a0reik\u0117t\u0173 atkreipti d\u0117mes\u012f\" \/>\n<meta name=\"robots\" content=\"index, follow, max-snippet:-1, max-image-preview:large, max-video-preview:-1\" \/>\n<link rel=\"canonical\" href=\"https:\/\/taxcube.lt\/pvm-susigrazinimas\/\" \/>\n<meta property=\"og:locale\" content=\"en_US\" \/>\n<meta property=\"og:type\" content=\"article\" \/>\n<meta property=\"og:title\" content=\"PVM susigr\u0105\u017einimas statybos sektoriuje - TaxCube\" \/>\n<meta property=\"og:description\" content=\"PVM susigr\u0105\u017einimas statybos sektoriuje - kaip apskai\u010diuojama u\u017e konkret\u0173 m\u0117nes\u012f gr\u0105\u017eintina PVM suma ir \u012f k\u0105 dar reik\u0117t\u0173 atkreipti d\u0117mes\u012f.\" \/>\n<meta property=\"og:url\" content=\"https:\/\/taxcube.lt\/pvm-susigrazinimas\/\" \/>\n<meta property=\"og:site_name\" content=\"TaxCube\" \/>\n<meta property=\"article:publisher\" content=\"https:\/\/www.facebook.com\/taxcube\" \/>\n<meta property=\"article:modified_time\" content=\"2016-02-04T12:31:15+00:00\" \/>\n<meta property=\"og:image\" content=\"https:\/\/taxcube.lt\/wp-content\/uploads\/2015\/12\/Logo_FB.jpg\" \/>\n\t<meta property=\"og:image:width\" content=\"1200\" \/>\n\t<meta property=\"og:image:height\" content=\"628\" \/>\n\t<meta property=\"og:image:type\" content=\"image\/jpeg\" \/>\n<meta name=\"twitter:card\" content=\"summary_large_image\" \/>\n<meta name=\"twitter:label1\" content=\"Est. reading time\" \/>\n\t<meta name=\"twitter:data1\" content=\"2 minutes\" \/>\n<script type=\"application\/ld+json\" class=\"yoast-schema-graph\">{\"@context\":\"https:\\\/\\\/schema.org\",\"@graph\":[{\"@type\":\"WebPage\",\"@id\":\"https:\\\/\\\/taxcube.lt\\\/pvm-susigrazinimas\\\/\",\"url\":\"https:\\\/\\\/taxcube.lt\\\/pvm-susigrazinimas\\\/\",\"name\":\"(LT) PVM susigr\u0105\u017einimas &#8212; TaxCube\",\"isPartOf\":{\"@id\":\"https:\\\/\\\/taxcube.lt\\\/en\\\/#website\"},\"primaryImageOfPage\":{\"@id\":\"https:\\\/\\\/taxcube.lt\\\/pvm-susigrazinimas\\\/#primaryimage\"},\"image\":{\"@id\":\"https:\\\/\\\/taxcube.lt\\\/pvm-susigrazinimas\\\/#primaryimage\"},\"thumbnailUrl\":\"https:\\\/\\\/taxcube.lt\\\/wp-content\\\/uploads\\\/2015\\\/12\\\/1170_0009_PVM.jpg\",\"datePublished\":\"2015-12-18T13:56:18+00:00\",\"dateModified\":\"2016-02-04T12:31:15+00:00\",\"description\":\"PVM susigr\u0105\u017einimas statybos sektoriuje - kaip apskai\u010diuojama\u00a0u\u017e konkret\u0173 m\u0117nes\u012f\u00a0gr\u0105\u017eintina PVM suma ir \u012f k\u0105 dar\u00a0reik\u0117t\u0173 atkreipti d\u0117mes\u012f\",\"breadcrumb\":{\"@id\":\"https:\\\/\\\/taxcube.lt\\\/pvm-susigrazinimas\\\/#breadcrumb\"},\"inLanguage\":\"en-US\",\"potentialAction\":[{\"@type\":\"ReadAction\",\"target\":[\"https:\\\/\\\/taxcube.lt\\\/pvm-susigrazinimas\\\/\"]}]},{\"@type\":\"ImageObject\",\"inLanguage\":\"en-US\",\"@id\":\"https:\\\/\\\/taxcube.lt\\\/pvm-susigrazinimas\\\/#primaryimage\",\"url\":\"https:\\\/\\\/taxcube.lt\\\/wp-content\\\/uploads\\\/2015\\\/12\\\/1170_0009_PVM.jpg\",\"contentUrl\":\"https:\\\/\\\/taxcube.lt\\\/wp-content\\\/uploads\\\/2015\\\/12\\\/1170_0009_PVM.jpg\",\"width\":1170,\"height\":170,\"caption\":\"PVM susigr\u0105\u017einimas\"},{\"@type\":\"BreadcrumbList\",\"@id\":\"https:\\\/\\\/taxcube.lt\\\/pvm-susigrazinimas\\\/#breadcrumb\",\"itemListElement\":[{\"@type\":\"ListItem\",\"position\":1,\"name\":\"Home\",\"item\":\"https:\\\/\\\/taxcube.lt\\\/en\\\/\"},{\"@type\":\"ListItem\",\"position\":2,\"name\":\"PVM susigr\u0105\u017einimas\"}]},{\"@type\":\"WebSite\",\"@id\":\"https:\\\/\\\/taxcube.lt\\\/en\\\/#website\",\"url\":\"https:\\\/\\\/taxcube.lt\\\/en\\\/\",\"name\":\"TaxCube\",\"description\":\"TaxCube\",\"publisher\":{\"@id\":\"https:\\\/\\\/taxcube.lt\\\/en\\\/#organization\"},\"potentialAction\":[{\"@type\":\"SearchAction\",\"target\":{\"@type\":\"EntryPoint\",\"urlTemplate\":\"https:\\\/\\\/taxcube.lt\\\/en\\\/?s={search_term_string}\"},\"query-input\":{\"@type\":\"PropertyValueSpecification\",\"valueRequired\":true,\"valueName\":\"search_term_string\"}}],\"inLanguage\":\"en-US\"},{\"@type\":\"Organization\",\"@id\":\"https:\\\/\\\/taxcube.lt\\\/en\\\/#organization\",\"name\":\"TaxCube, UAB\",\"url\":\"https:\\\/\\\/taxcube.lt\\\/en\\\/\",\"logo\":{\"@type\":\"ImageObject\",\"inLanguage\":\"en-US\",\"@id\":\"https:\\\/\\\/taxcube.lt\\\/en\\\/#\\\/schema\\\/logo\\\/image\\\/\",\"url\":\"https:\\\/\\\/taxcube.lt\\\/wp-content\\\/uploads\\\/2015\\\/11\\\/logo.png\",\"contentUrl\":\"https:\\\/\\\/taxcube.lt\\\/wp-content\\\/uploads\\\/2015\\\/11\\\/logo.png\",\"width\":86,\"height\":97,\"caption\":\"TaxCube, UAB\"},\"image\":{\"@id\":\"https:\\\/\\\/taxcube.lt\\\/en\\\/#\\\/schema\\\/logo\\\/image\\\/\"},\"sameAs\":[\"https:\\\/\\\/www.facebook.com\\\/taxcube\",\"https:\\\/\\\/www.linkedin.com\\\/company\\\/taxcube-uab\"]}]}<\/script>\n<!-- \/ Yoast SEO plugin. -->","yoast_head_json":{"title":"(LT) PVM susigr\u0105\u017einimas &#8212; TaxCube","description":"PVM susigr\u0105\u017einimas statybos sektoriuje - kaip apskai\u010diuojama\u00a0u\u017e konkret\u0173 m\u0117nes\u012f\u00a0gr\u0105\u017eintina PVM suma ir \u012f k\u0105 dar\u00a0reik\u0117t\u0173 atkreipti d\u0117mes\u012f","robots":{"index":"index","follow":"follow","max-snippet":"max-snippet:-1","max-image-preview":"max-image-preview:large","max-video-preview":"max-video-preview:-1"},"canonical":"https:\/\/taxcube.lt\/pvm-susigrazinimas\/","og_locale":"en_US","og_type":"article","og_title":"PVM susigr\u0105\u017einimas statybos sektoriuje - TaxCube","og_description":"PVM susigr\u0105\u017einimas statybos sektoriuje - kaip apskai\u010diuojama u\u017e konkret\u0173 m\u0117nes\u012f gr\u0105\u017eintina PVM suma ir \u012f k\u0105 dar reik\u0117t\u0173 atkreipti d\u0117mes\u012f.","og_url":"https:\/\/taxcube.lt\/pvm-susigrazinimas\/","og_site_name":"TaxCube","article_publisher":"https:\/\/www.facebook.com\/taxcube","article_modified_time":"2016-02-04T12:31:15+00:00","og_image":[{"width":1200,"height":628,"url":"https:\/\/taxcube.lt\/wp-content\/uploads\/2015\/12\/Logo_FB.jpg","type":"image\/jpeg"}],"twitter_card":"summary_large_image","twitter_misc":{"Est. reading time":"2 minutes"},"schema":{"@context":"https:\/\/schema.org","@graph":[{"@type":"WebPage","@id":"https:\/\/taxcube.lt\/pvm-susigrazinimas\/","url":"https:\/\/taxcube.lt\/pvm-susigrazinimas\/","name":"(LT) PVM susigr\u0105\u017einimas &#8212; TaxCube","isPartOf":{"@id":"https:\/\/taxcube.lt\/en\/#website"},"primaryImageOfPage":{"@id":"https:\/\/taxcube.lt\/pvm-susigrazinimas\/#primaryimage"},"image":{"@id":"https:\/\/taxcube.lt\/pvm-susigrazinimas\/#primaryimage"},"thumbnailUrl":"https:\/\/taxcube.lt\/wp-content\/uploads\/2015\/12\/1170_0009_PVM.jpg","datePublished":"2015-12-18T13:56:18+00:00","dateModified":"2016-02-04T12:31:15+00:00","description":"PVM susigr\u0105\u017einimas statybos sektoriuje - kaip apskai\u010diuojama\u00a0u\u017e konkret\u0173 m\u0117nes\u012f\u00a0gr\u0105\u017eintina PVM suma ir \u012f k\u0105 dar\u00a0reik\u0117t\u0173 atkreipti d\u0117mes\u012f","breadcrumb":{"@id":"https:\/\/taxcube.lt\/pvm-susigrazinimas\/#breadcrumb"},"inLanguage":"en-US","potentialAction":[{"@type":"ReadAction","target":["https:\/\/taxcube.lt\/pvm-susigrazinimas\/"]}]},{"@type":"ImageObject","inLanguage":"en-US","@id":"https:\/\/taxcube.lt\/pvm-susigrazinimas\/#primaryimage","url":"https:\/\/taxcube.lt\/wp-content\/uploads\/2015\/12\/1170_0009_PVM.jpg","contentUrl":"https:\/\/taxcube.lt\/wp-content\/uploads\/2015\/12\/1170_0009_PVM.jpg","width":1170,"height":170,"caption":"PVM susigr\u0105\u017einimas"},{"@type":"BreadcrumbList","@id":"https:\/\/taxcube.lt\/pvm-susigrazinimas\/#breadcrumb","itemListElement":[{"@type":"ListItem","position":1,"name":"Home","item":"https:\/\/taxcube.lt\/en\/"},{"@type":"ListItem","position":2,"name":"PVM susigr\u0105\u017einimas"}]},{"@type":"WebSite","@id":"https:\/\/taxcube.lt\/en\/#website","url":"https:\/\/taxcube.lt\/en\/","name":"TaxCube","description":"TaxCube","publisher":{"@id":"https:\/\/taxcube.lt\/en\/#organization"},"potentialAction":[{"@type":"SearchAction","target":{"@type":"EntryPoint","urlTemplate":"https:\/\/taxcube.lt\/en\/?s={search_term_string}"},"query-input":{"@type":"PropertyValueSpecification","valueRequired":true,"valueName":"search_term_string"}}],"inLanguage":"en-US"},{"@type":"Organization","@id":"https:\/\/taxcube.lt\/en\/#organization","name":"TaxCube, UAB","url":"https:\/\/taxcube.lt\/en\/","logo":{"@type":"ImageObject","inLanguage":"en-US","@id":"https:\/\/taxcube.lt\/en\/#\/schema\/logo\/image\/","url":"https:\/\/taxcube.lt\/wp-content\/uploads\/2015\/11\/logo.png","contentUrl":"https:\/\/taxcube.lt\/wp-content\/uploads\/2015\/11\/logo.png","width":86,"height":97,"caption":"TaxCube, UAB"},"image":{"@id":"https:\/\/taxcube.lt\/en\/#\/schema\/logo\/image\/"},"sameAs":["https:\/\/www.facebook.com\/taxcube","https:\/\/www.linkedin.com\/company\/taxcube-uab"]}]}},"wps_subtitle":"","_links":{"self":[{"href":"https:\/\/taxcube.lt\/en\/wp-json\/wp\/v2\/pages\/916","targetHints":{"allow":["GET"]}}],"collection":[{"href":"https:\/\/taxcube.lt\/en\/wp-json\/wp\/v2\/pages"}],"about":[{"href":"https:\/\/taxcube.lt\/en\/wp-json\/wp\/v2\/types\/page"}],"author":[{"embeddable":true,"href":"https:\/\/taxcube.lt\/en\/wp-json\/wp\/v2\/users\/1"}],"replies":[{"embeddable":true,"href":"https:\/\/taxcube.lt\/en\/wp-json\/wp\/v2\/comments?post=916"}],"version-history":[{"count":0,"href":"https:\/\/taxcube.lt\/en\/wp-json\/wp\/v2\/pages\/916\/revisions"}],"wp:featuredmedia":[{"embeddable":true,"href":"https:\/\/taxcube.lt\/en\/wp-json\/wp\/v2\/media\/1318"}],"wp:attachment":[{"href":"https:\/\/taxcube.lt\/en\/wp-json\/wp\/v2\/media?parent=916"}],"curies":[{"name":"wp","href":"https:\/\/api.w.org\/{rel}","templated":true}]}}